{"id":2269,"date":"2024-11-25T13:32:07","date_gmt":"2024-11-25T10:32:07","guid":{"rendered":"http:\/\/tanca.net\/?page_id=2269"},"modified":"2024-11-25T13:48:21","modified_gmt":"2024-11-25T10:48:21","slug":"blog","status":"publish","type":"page","link":"https:\/\/tanca.net\/tr\/blog\/","title":{"rendered":"Blog"},"content":{"rendered":"<p>[vc_row][vc_column width=&#8221;1\/4&#8243;][\/vc_column][vc_column width=&#8221;1\/2&#8243; css=&#8221;.vc_custom_1685624448695{background-image: url(http:\/\/tanca.net\/wp-content\/uploads\/2023\/06\/blockbg_3.jpg?id=2119) !important;background-position: center !important;background-repeat: no-repeat !important;background-size: cover !important;}&#8221; el_class=&#8221;img-fixed img-fixed-1&#8243;][vc_empty_space height=&#8221;10vh&#8221;][vc_custom_heading text=&#8221;Yaz\u0131lar\u0131m&#8221; font_container=&#8221;tag:h2|text_align:center|color:%23ffffff|line_height:1.1&#8243; use_theme_fonts=&#8221;yes&#8221;][vc_column_text]<\/p>\n<p style=\"text-align: center;\"><span style=\"color: #ffffff;\"><strong>Yaz\u0131lar\u0131m\u0131 a\u015fa\u011f\u0131daki sitelerden takip edebilirsiniz;<\/strong><\/span><\/p>\n<p>[\/vc_column_text][vc_btn title=&#8221;Hernefes.&#8221; style=&#8221;flat&#8221; shape=&#8221;round&#8221; color=&#8221;mulled-wine&#8221; align=&#8221;center&#8221; link=&#8221;url:%23hernefes_blog|||&#8221;][vc_btn title=&#8221;SufiCorner&#8221; style=&#8221;flat&#8221; shape=&#8221;round&#8221; color=&#8221;mulled-wine&#8221; align=&#8221;center&#8221; link=&#8221;url:https%3A%2F%2Fwww.suficorner.org%2Fblog||target:%20_blank|&#8221;][vc_empty_space height=&#8221;10vh&#8221;][\/vc_column][vc_column width=&#8221;1\/4&#8243;][\/vc_column][\/vc_row][vc_row el_id=&#8221;hernefes_blog&#8221;][vc_column][vc_empty_space height=&#8221;10vh&#8221;][vc_custom_heading text=&#8221;Hernefes.&#8221; use_theme_fonts=&#8221;yes&#8221;][vc_separator][vc_column_text]<\/p>\n<div class=\"blogcont\">\n<\/p><div class=\"blog-item\"><div class=\"blog-img\"><img decoding=\"async\" style=\"max-height: 150px;\" src=\"https:\/\/i0.wp.com\/hernefes.com\/wp-content\/uploads\/2023\/06\/47604475-5450-4B09-B8AD-E3F369703C4F-scaled.jpg?fit=2560%2C1920&amp;ssl=1\" \/><\/div><h4>Bu Kadar Erkeklik Yeter<\/h4><div class=\"blog-exc\"><p>Seneler evvel g\u00f6rd\u00fc\u011f\u00fcm bir r\u00fcya h\u00e2l\u00e2 t\u00fcm canl\u0131l\u0131\u011f\u0131yla g\u00f6z\u00fcm\u00fcn \u00f6n\u00fcnde. O zamanlar ABD\u2019de Trump iktidardayd\u0131. R\u00fcyamda \u00f6fkeli ve ma\u00e7o s\u00f6ylemler veriyordu. Nehirler zehirle dolmu\u015f,&hellip;<\/p>\n<br \/><a href=\"https:\/\/hernefes.com\/bu-kadar-erkeklik-yeter\/\" target=\"_blank\" rel=\"noopener\">Read More<\/a><\/div><\/div><p><\/p><div class=\"blog-item\"><div class=\"blog-img\"><img decoding=\"async\" style=\"max-height: 150px;\" src=\"https:\/\/i0.wp.com\/hernefes.com\/wp-content\/uploads\/2023\/05\/F32BAD72-84F0-4F3C-B3E9-1CF54E569DEA-scaled.jpg?fit=2560%2C1708&amp;ssl=1\" \/><\/div><h4>\u00d6zl\u00fcyorum<\/h4><div class=\"blog-exc\"><p>\u015eu aralar tezim i\u00e7in Safiye Erol\u2019un eserlerini \u00e7al\u0131\u015f\u0131yorum. Kendisi 1902-1964 aras\u0131nda ya\u015fam\u0131\u015f, b\u00fcy\u00fck bir yazar. Eserlerinde her daim eski \u0130stanbul\u2019dan bir par\u00e7a bulabilirsiniz. Bug\u00fcn&hellip;<\/p>\n<br \/><a href=\"https:\/\/hernefes.com\/ozluyorum\/\" target=\"_blank\" rel=\"noopener\">Read More<\/a><\/div><\/div><p><\/p><div class=\"blog-item\"><div class=\"blog-img\"><img decoding=\"async\" style=\"max-height: 150px;\" src=\"https:\/\/i0.wp.com\/hernefes.com\/wp-content\/uploads\/2023\/02\/IMG_0435-scaled.jpg?fit=2560%2C1920&amp;ssl=1\" \/><\/div><h4><strong>\u0130yi misin?<\/strong><\/h4><div class=\"blog-exc\"><p>Tanr\u0131 sonsuz iyi ise neden k\u00f6t\u00fcl\u00fck var? Mutlulu\u011fumuza engel g\u00f6z\u00fcken bu sorunlar\u0131n, s\u0131k\u0131nt\u0131lar\u0131n amac\u0131 ne? Bizi sinir etmek i\u00e7in yap\u0131lm\u0131\u015f il\u00e2h\u00ee bir \u015faka m\u0131,&hellip;<\/p>\n<br \/><a href=\"https:\/\/hernefes.com\/iyi-misin\/\" target=\"_blank\" rel=\"noopener\">Read More<\/a><\/div><\/div><p><\/p><div class=\"blog-item\"><div class=\"blog-img\"><img decoding=\"async\" style=\"max-height: 150px;\" src=\"https:\/\/i0.wp.com\/hernefes.com\/wp-content\/uploads\/2023\/01\/IMG_8798.jpg?fit=2048%2C1153&amp;ssl=1\" \/><\/div><h4><strong>Durmak, \u00d6lmek ve Do\u011fmak<\/strong><\/h4><div class=\"blog-exc\"><p>&nbsp;&nbsp;&nbsp;&nbsp;&nbsp;&nbsp;&nbsp;&nbsp;\u201c\u0130ngilizce under(standing) ve Almanca ver(stehe) anlamak demektir. Standing ve stehe \u2018durmak\u2019 k\u00f6k\u00fcnden gelir. Yani bir \u015feyleri idrak edebilmemiz i\u00e7in&nbsp;\u00f6nce bir durmam\u0131z gerekir.\u201d Sizleri hayal&hellip;<\/p>\n<br \/><a href=\"https:\/\/hernefes.com\/durmak-olmek-ve-dogmak\/\" target=\"_blank\" rel=\"noopener\">Read More<\/a><\/div><\/div><p><\/p><div class=\"blog-item\"><div class=\"blog-img\"><img decoding=\"async\" style=\"max-height: 150px;\" src=\"https:\/\/i0.wp.com\/hernefes.com\/wp-content\/uploads\/2022\/12\/7417e91f-92ca-46e6-8220-ee03cfcd89a5.jpg?fit=1024%2C768&amp;ssl=1\" \/><\/div><h4>Namaste Deyip Ge\u00e7(me)<\/h4><div class=\"blog-exc\"><p>Belli ba\u015fl\u0131 t\u00fcm manevi \u00f6\u011fretilerin ve felsefenin ortak bir mottosu vard\u0131r; \u201cKendini bilen Tanr\u0131\u2019y\u0131 bilir.\u201d Bu \u0130sl\u00e2m tasavvufunda \u201cNefsini bilen Rabbini bilir\u201d \u015feklindedir. Bu&hellip;<\/p>\n<br \/><a href=\"https:\/\/hernefes.com\/namaste-deyip-gecme\/\" target=\"_blank\" rel=\"noopener\">Read More<\/a><\/div><\/div><p>\n<\/div>\n<p>[\/vc_column_text][\/vc_column][\/vc_row]<\/p>\n","protected":false},"excerpt":{"rendered":"<p>[vc_row][vc_column width=&#8221;1\/4&#8243;][\/vc_column][vc_column width=&#8221;1\/2&#8243; css=&#8221;.vc_custom_1685624448695{background-image: url(http:\/\/tanca.net\/wp-content\/uploads\/2023\/06\/blockbg_3.jpg?id=2119) !important;background-position: center !important;background-repeat: no-repeat !important;background-size: cover !important;}&#8221; el_class=&#8221;img-fixed img-fixed-1&#8243;][vc_empty_space height=&#8221;10vh&#8221;][vc_custom_heading text=&#8221;Yaz\u0131lar\u0131m&#8221; font_container=&#8221;tag:h2|text_align:center|color:%23ffffff|line_height:1.1&#8243; use_theme_fonts=&#8221;yes&#8221;][vc_column_text] Yaz\u0131lar\u0131m\u0131 a\u015fa\u011f\u0131daki sitelerden takip edebilirsiniz; [\/vc_column_text][vc_btn title=&#8221;Hernefes.&#8221; style=&#8221;flat&#8221; shape=&#8221;round&#8221; color=&#8221;mulled-wine&#8221; align=&#8221;center&#8221; link=&#8221;url:%23hernefes_blog|||&#8221;][vc_btn title=&#8221;SufiCorner&#8221; style=&#8221;flat&#8221; shape=&#8221;round&#8221; color=&#8221;mulled-wine&#8221; align=&#8221;center&#8221; link=&#8221;url:https%3A%2F%2Fwww.suficorner.org%2Fblog||target:%20_blank|&#8221;][vc_empty_space height=&#8221;10vh&#8221;][\/vc_column][vc_column width=&#8221;1\/4&#8243;][\/vc_column][\/vc_row][vc_row el_id=&#8221;hernefes_blog&#8221;][vc_column][vc_empty_space height=&#8221;10vh&#8221;][vc_custom_heading text=&#8221;Hernefes.&#8221; use_theme_fonts=&#8221;yes&#8221;][vc_separator][vc_column_text] [\/vc_column_text][\/vc_column][\/vc_row]<\/p>\n","protected":false},"author":1,"featured_media":0,"parent":0,"menu_order":0,"comment_status":"closed","ping_status":"closed","template":"","meta":{"footnotes":""},"class_list":["post-2269","page","type-page","status-publish","hentry"],"yoast_head":"<!-- This site is optimized with the Yoast SEO plugin v27.3 - https:\/\/yoast.com\/product\/yoast-seo-wordpress\/ -->\n<title>Blog - Tanca Consultancy<\/title>\n<meta name=\"robots\" content=\"index, follow, max-snippet:-1, max-image-preview:large, max-video-preview:-1\" \/>\n<link rel=\"canonical\" href=\"https:\/\/tanca.net\/tr\/blog\/\" \/>\n<meta property=\"og:locale\" content=\"tr_TR\" \/>\n<meta property=\"og:type\" content=\"article\" \/>\n<meta property=\"og:title\" content=\"Blog - Tanca Consultancy\" \/>\n<meta property=\"og:description\" content=\"[vc_row][vc_column width=&#8221;1\/4&#8243;][\/vc_column][vc_column width=&#8221;1\/2&#8243; css=&#8221;.vc_custom_1685624448695{background-image: url(http:\/\/tanca.net\/wp-content\/uploads\/2023\/06\/blockbg_3.jpg?id=2119) !important;background-position: center !important;background-repeat: no-repeat !important;background-size: cover !important;}&#8221; el_class=&#8221;img-fixed img-fixed-1&#8243;][vc_empty_space height=&#8221;10vh&#8221;][vc_custom_heading text=&#8221;Yaz\u0131lar\u0131m&#8221; font_container=&#8221;tag:h2|text_align:center|color:%23ffffff|line_height:1.1&#8243; use_theme_fonts=&#8221;yes&#8221;][vc_column_text] Yaz\u0131lar\u0131m\u0131 a\u015fa\u011f\u0131daki sitelerden takip edebilirsiniz; [\/vc_column_text][vc_btn title=&#8221;Hernefes.&#8221; style=&#8221;flat&#8221; shape=&#8221;round&#8221; color=&#8221;mulled-wine&#8221; align=&#8221;center&#8221; link=&#8221;url:%23hernefes_blog|||&#8221;][vc_btn title=&#8221;SufiCorner&#8221; style=&#8221;flat&#8221; shape=&#8221;round&#8221; color=&#8221;mulled-wine&#8221; align=&#8221;center&#8221; link=&#8221;url:https%3A%2F%2Fwww.suficorner.org%2Fblog||target:%20_blank|&#8221;][vc_empty_space height=&#8221;10vh&#8221;][\/vc_column][vc_column width=&#8221;1\/4&#8243;][\/vc_column][\/vc_row][vc_row el_id=&#8221;hernefes_blog&#8221;][vc_column][vc_empty_space height=&#8221;10vh&#8221;][vc_custom_heading text=&#8221;Hernefes.&#8221; use_theme_fonts=&#8221;yes&#8221;][vc_separator][vc_column_text] [\/vc_column_text][\/vc_column][\/vc_row]\" \/>\n<meta property=\"og:url\" content=\"https:\/\/tanca.net\/tr\/blog\/\" \/>\n<meta property=\"og:site_name\" content=\"Tanca Consultancy\" \/>\n<meta property=\"article:publisher\" content=\"https:\/\/www.facebook.com\/alper.tanca\" \/>\n<meta property=\"article:modified_time\" content=\"2024-11-25T10:48:21+00:00\" \/>\n<meta name=\"twitter:card\" content=\"summary_large_image\" \/>\n<meta name=\"twitter:label1\" content=\"Tahmini okuma s\u00fcresi\" \/>\n\t<meta name=\"twitter:data1\" content=\"1 dakika\" \/>\n<script type=\"application\/ld+json\" class=\"yoast-schema-graph\">{\"@context\":\"https:\\\/\\\/schema.org\",\"@graph\":[{\"@type\":\"WebPage\",\"@id\":\"https:\\\/\\\/tanca.net\\\/tr\\\/blog\\\/\",\"url\":\"https:\\\/\\\/tanca.net\\\/tr\\\/blog\\\/\",\"name\":\"Blog - Tanca Consultancy\",\"isPartOf\":{\"@id\":\"https:\\\/\\\/tanca.net\\\/#website\"},\"datePublished\":\"2024-11-25T10:32:07+00:00\",\"dateModified\":\"2024-11-25T10:48:21+00:00\",\"breadcrumb\":{\"@id\":\"https:\\\/\\\/tanca.net\\\/tr\\\/blog\\\/#breadcrumb\"},\"inLanguage\":\"tr\",\"potentialAction\":[{\"@type\":\"ReadAction\",\"target\":[\"https:\\\/\\\/tanca.net\\\/tr\\\/blog\\\/\"]}]},{\"@type\":\"BreadcrumbList\",\"@id\":\"https:\\\/\\\/tanca.net\\\/tr\\\/blog\\\/#breadcrumb\",\"itemListElement\":[{\"@type\":\"ListItem\",\"position\":1,\"name\":\"Home\",\"item\":\"https:\\\/\\\/tanca.net\\\/tr\\\/ana-sayfa\\\/\"},{\"@type\":\"ListItem\",\"position\":2,\"name\":\"Blog\"}]},{\"@type\":\"WebSite\",\"@id\":\"https:\\\/\\\/tanca.net\\\/#website\",\"url\":\"https:\\\/\\\/tanca.net\\\/\",\"name\":\"Somatic Therapy & Resilience Coaching | Online Sessions | Tanca\",\"description\":\"\",\"publisher\":{\"@id\":\"https:\\\/\\\/tanca.net\\\/#organization\"},\"potentialAction\":[{\"@type\":\"SearchAction\",\"target\":{\"@type\":\"EntryPoint\",\"urlTemplate\":\"https:\\\/\\\/tanca.net\\\/?s={search_term_string}\"},\"query-input\":{\"@type\":\"PropertyValueSpecification\",\"valueRequired\":true,\"valueName\":\"search_term_string\"}}],\"inLanguage\":\"tr\"},{\"@type\":\"Organization\",\"@id\":\"https:\\\/\\\/tanca.net\\\/#organization\",\"name\":\"Somatik Terapi & Dayan\u0131kl\u0131l\u0131k Ko\u00e7lu\u011fu\",\"url\":\"https:\\\/\\\/tanca.net\\\/\",\"logo\":{\"@type\":\"ImageObject\",\"inLanguage\":\"tr\",\"@id\":\"https:\\\/\\\/tanca.net\\\/#\\\/schema\\\/logo\\\/image\\\/\",\"url\":\"https:\\\/\\\/tanca.net\\\/wp-content\\\/uploads\\\/2026\\\/04\\\/Gemini_Generated_Image_aevh16aevh16aevh.png\",\"contentUrl\":\"https:\\\/\\\/tanca.net\\\/wp-content\\\/uploads\\\/2026\\\/04\\\/Gemini_Generated_Image_aevh16aevh16aevh.png\",\"width\":1024,\"height\":1024,\"caption\":\"Somatik Terapi & Dayan\u0131kl\u0131l\u0131k Ko\u00e7lu\u011fu\"},\"image\":{\"@id\":\"https:\\\/\\\/tanca.net\\\/#\\\/schema\\\/logo\\\/image\\\/\"},\"sameAs\":[\"https:\\\/\\\/www.facebook.com\\\/alper.tanca\",\"https:\\\/\\\/www.instagram.com\\\/ealpertanca\",\"https:\\\/\\\/www.linkedin.com\\\/in\\\/alpertanca\\\/\"]}]}<\/script>\n<!-- \/ Yoast SEO plugin. -->","yoast_head_json":{"title":"Blog - Tanca Consultancy","robots":{"index":"index","follow":"follow","max-snippet":"max-snippet:-1","max-image-preview":"max-image-preview:large","max-video-preview":"max-video-preview:-1"},"canonical":"https:\/\/tanca.net\/tr\/blog\/","og_locale":"tr_TR","og_type":"article","og_title":"Blog - Tanca Consultancy","og_description":"[vc_row][vc_column width=&#8221;1\/4&#8243;][\/vc_column][vc_column width=&#8221;1\/2&#8243; css=&#8221;.vc_custom_1685624448695{background-image: url(http:\/\/tanca.net\/wp-content\/uploads\/2023\/06\/blockbg_3.jpg?id=2119) !important;background-position: center !important;background-repeat: no-repeat !important;background-size: cover !important;}&#8221; el_class=&#8221;img-fixed img-fixed-1&#8243;][vc_empty_space height=&#8221;10vh&#8221;][vc_custom_heading text=&#8221;Yaz\u0131lar\u0131m&#8221; font_container=&#8221;tag:h2|text_align:center|color:%23ffffff|line_height:1.1&#8243; use_theme_fonts=&#8221;yes&#8221;][vc_column_text] Yaz\u0131lar\u0131m\u0131 a\u015fa\u011f\u0131daki sitelerden takip edebilirsiniz; [\/vc_column_text][vc_btn title=&#8221;Hernefes.&#8221; style=&#8221;flat&#8221; shape=&#8221;round&#8221; color=&#8221;mulled-wine&#8221; align=&#8221;center&#8221; link=&#8221;url:%23hernefes_blog|||&#8221;][vc_btn title=&#8221;SufiCorner&#8221; style=&#8221;flat&#8221; shape=&#8221;round&#8221; color=&#8221;mulled-wine&#8221; align=&#8221;center&#8221; link=&#8221;url:https%3A%2F%2Fwww.suficorner.org%2Fblog||target:%20_blank|&#8221;][vc_empty_space height=&#8221;10vh&#8221;][\/vc_column][vc_column width=&#8221;1\/4&#8243;][\/vc_column][\/vc_row][vc_row el_id=&#8221;hernefes_blog&#8221;][vc_column][vc_empty_space height=&#8221;10vh&#8221;][vc_custom_heading text=&#8221;Hernefes.&#8221; use_theme_fonts=&#8221;yes&#8221;][vc_separator][vc_column_text] [\/vc_column_text][\/vc_column][\/vc_row]","og_url":"https:\/\/tanca.net\/tr\/blog\/","og_site_name":"Tanca Consultancy","article_publisher":"https:\/\/www.facebook.com\/alper.tanca","article_modified_time":"2024-11-25T10:48:21+00:00","twitter_card":"summary_large_image","twitter_misc":{"Tahmini okuma s\u00fcresi":"1 dakika"},"schema":{"@context":"https:\/\/schema.org","@graph":[{"@type":"WebPage","@id":"https:\/\/tanca.net\/tr\/blog\/","url":"https:\/\/tanca.net\/tr\/blog\/","name":"Blog - Tanca Consultancy","isPartOf":{"@id":"https:\/\/tanca.net\/#website"},"datePublished":"2024-11-25T10:32:07+00:00","dateModified":"2024-11-25T10:48:21+00:00","breadcrumb":{"@id":"https:\/\/tanca.net\/tr\/blog\/#breadcrumb"},"inLanguage":"tr","potentialAction":[{"@type":"ReadAction","target":["https:\/\/tanca.net\/tr\/blog\/"]}]},{"@type":"BreadcrumbList","@id":"https:\/\/tanca.net\/tr\/blog\/#breadcrumb","itemListElement":[{"@type":"ListItem","position":1,"name":"Home","item":"https:\/\/tanca.net\/tr\/ana-sayfa\/"},{"@type":"ListItem","position":2,"name":"Blog"}]},{"@type":"WebSite","@id":"https:\/\/tanca.net\/#website","url":"https:\/\/tanca.net\/","name":"Somatic Therapy & Resilience Coaching | Online Sessions | Tanca","description":"","publisher":{"@id":"https:\/\/tanca.net\/#organization"},"potentialAction":[{"@type":"SearchAction","target":{"@type":"EntryPoint","urlTemplate":"https:\/\/tanca.net\/?s={search_term_string}"},"query-input":{"@type":"PropertyValueSpecification","valueRequired":true,"valueName":"search_term_string"}}],"inLanguage":"tr"},{"@type":"Organization","@id":"https:\/\/tanca.net\/#organization","name":"Somatik Terapi & Dayan\u0131kl\u0131l\u0131k Ko\u00e7lu\u011fu","url":"https:\/\/tanca.net\/","logo":{"@type":"ImageObject","inLanguage":"tr","@id":"https:\/\/tanca.net\/#\/schema\/logo\/image\/","url":"https:\/\/tanca.net\/wp-content\/uploads\/2026\/04\/Gemini_Generated_Image_aevh16aevh16aevh.png","contentUrl":"https:\/\/tanca.net\/wp-content\/uploads\/2026\/04\/Gemini_Generated_Image_aevh16aevh16aevh.png","width":1024,"height":1024,"caption":"Somatik Terapi & Dayan\u0131kl\u0131l\u0131k Ko\u00e7lu\u011fu"},"image":{"@id":"https:\/\/tanca.net\/#\/schema\/logo\/image\/"},"sameAs":["https:\/\/www.facebook.com\/alper.tanca","https:\/\/www.instagram.com\/ealpertanca","https:\/\/www.linkedin.com\/in\/alpertanca\/"]}]}},"_links":{"self":[{"href":"https:\/\/tanca.net\/tr\/wp-json\/wp\/v2\/pages\/2269\/"}],"collection":[{"href":"https:\/\/tanca.net\/tr\/wp-json\/wp\/v2\/pages\/"}],"about":[{"href":"https:\/\/tanca.net\/tr\/wp-json\/wp\/v2\/types\/page\/"}],"author":[{"embeddable":true,"href":"https:\/\/tanca.net\/tr\/wp-json\/wp\/v2\/users\/1\/"}],"replies":[{"embeddable":true,"href":"https:\/\/tanca.net\/tr\/wp-json\/wp\/v2\/comments\/?post=2269"}],"version-history":[{"count":4,"href":"https:\/\/tanca.net\/tr\/wp-json\/wp\/v2\/pages\/2269\/revisions\/"}],"predecessor-version":[{"id":2294,"href":"https:\/\/tanca.net\/tr\/wp-json\/wp\/v2\/pages\/2269\/revisions\/2294\/"}],"wp:attachment":[{"href":"https:\/\/tanca.net\/tr\/wp-json\/wp\/v2\/media\/?parent=2269"}],"curies":[{"name":"wp","href":"https:\/\/api.w.org\/{rel}","templated":true}]}}