{"id":2275,"date":"2024-11-25T13:34:58","date_gmt":"2024-11-25T10:34:58","guid":{"rendered":"http:\/\/tanca.net\/?page_id=2275"},"modified":"2024-11-25T13:43:06","modified_gmt":"2024-11-25T10:43:06","slug":"iletisim","status":"publish","type":"page","link":"https:\/\/tanca.net\/tr\/iletisim\/","title":{"rendered":"\u0130leti\u015fim"},"content":{"rendered":"<p>[vc_row full_width=&#8221;stretch_row_content_no_spaces&#8221;][vc_column][vc_empty_space height=&#8221;50px&#8221;][\/vc_column][\/vc_row][vc_row][vc_column width=&#8221;1\/4&#8243;][\/vc_column][vc_column width=&#8221;1\/2&#8243;][vc_empty_space height=&#8221;40px&#8221;][vc_column_text]<\/p>\n<h4 style=\"text-align: center;\">Eposta Adresi<\/h4>\n<p style=\"text-align: center;\"><span \n                data-original-string='8RrB0juzwGRQ05MvNJGoyA==801J8VDu9J8QUpiRphFTy68+mmJ+HyjtuMm99\/eAPU7orU='\n                class='apbct-email-encoder'\n                title='This contact has been encoded by Anti-Spam by CleanTalk. Click to decode. To finish the decoding make sure that JavaScript is enabled in your browser.'>co<span class=\"apbct-blur\">*****<\/span>@<span class=\"apbct-blur\">***<\/span>ca.net<\/span><\/p>\n<h4 style=\"text-align: center;\">Sosyal Medya<\/h4>\n<p>[\/vc_column_text][vc_raw_html]JTNDY2VudGVyJTNFJTBBJTNDYSUyMGhyZWYlM0QlMjJodHRwcyUzQSUyRiUyRnd3dy5pbnN0YWdyYW0uY29tJTJGZWFscGVydGFuY2ElMkYlMjIlMjB0YXJnZXQlM0QlMjJfYmxhbmslMjIlMjBjbGFzcyUzRCUyMmlzLWRlZmF1bHQlMjBkZWZhdWx0JTIyJTNFJTNDaSUyMGNsYXNzJTNEJTIyZmElMjBmYS1pbnN0YWdyYW0lMjIlM0UlM0MlMkZpJTNFJTNDJTJGYSUzRSUwQSUzQ2ElMjBocmVmJTNEJTIyaHR0cHMlM0ElMkYlMkZ3d3cuZmFjZWJvb2suY29tJTJGYWxwZXIudGFuY2ElMjIlMjB0YXJnZXQlM0QlMjJfYmxhbmslMjIlMjBjbGFzcyUzRCUyMmlzLWRlZmF1bHQlMjBkZWZhdWx0JTIyJTNFJTNDaSUyMGNsYXNzJTNEJTIyZmElMjBmYS1mYWNlYm9vayUyMiUzRSUzQyUyRmklM0UlM0MlMkZhJTNFJTBBJTNDYSUyMGhyZWYlM0QlMjJodHRwcyUzQSUyRiUyRnd3dy5saW5rZWRpbi5jb20lMkZpbiUyRmFscGVydGFuY2ElMkYlMjIlMjB0YXJnZXQlM0QlMjJfYmxhbmslMjIlMjBjbGFzcyUzRCUyMmlzLWRlZmF1bHQlMjBkZWZhdWx0JTIyJTNFJTNDaSUyMGNsYXNzJTNEJTIyZmElMjBmYS1saW5rZWRpbiUyMiUzRSUzQyUyRmklM0UlM0MlMkZhJTNFJTBBJTBBJTNDJTJGY2VudGVyJTNF[\/vc_raw_html][vc_separator][vc_column_text]<\/p>\n<h1 style=\"text-align: center;\">\u0130leti\u015fim Formu<\/h1>\n<p style=\"text-align: center;\">A\u015fa\u011f\u0131daki formu kullanarak bana ula\u015fabilir, seanslar i\u00e7in randevu alabilir, daha fazla bilgi edinebilir veya b\u00fcltenime abone olabilirsiniz.<\/p>\n<p>[\/vc_column_text]\n<div class=\"wpcf7 no-js\" id=\"wpcf7-f2292-o1\" lang=\"tr-TR\" dir=\"ltr\" data-wpcf7-id=\"2292\">\n<div class=\"screen-reader-response\"><p role=\"status\" aria-live=\"polite\" aria-atomic=\"true\"><\/p> <ul><\/ul><\/div>\n<form action=\"\/tr\/wp-json\/wp\/v2\/pages\/2275\/#wpcf7-f2292-o1\" method=\"post\" class=\"wpcf7-form init\" aria-label=\"\u0130leti\u015fim Formu\" novalidate=\"novalidate\" data-status=\"init\">\n<fieldset class=\"hidden-fields-container\"><input type=\"hidden\" name=\"_wpcf7\" value=\"2292\" \/><input type=\"hidden\" name=\"_wpcf7_version\" value=\"6.1.5\" \/><input type=\"hidden\" name=\"_wpcf7_locale\" value=\"tr_TR\" \/><input type=\"hidden\" name=\"_wpcf7_unit_tag\" value=\"wpcf7-f2292-o1\" \/><input type=\"hidden\" name=\"_wpcf7_container_post\" value=\"0\" \/><input type=\"hidden\" name=\"_wpcf7_posted_data_hash\" value=\"\" \/>\n<\/fieldset>\n<p><label> Ad\u0131n\u0131z (zorunlu)<br \/>\n<span class=\"wpcf7-form-control-wrap\" data-name=\"your-name\"><input size=\"40\" maxlength=\"400\" class=\"wpcf7-form-control wpcf7-text wpcf7-validates-as-required\" aria-required=\"true\" aria-invalid=\"false\" value=\"\" type=\"text\" name=\"your-name\" \/><\/span> <\/label>\n<\/p>\n<p><label> Eposta Adresiniz (zorunlu)<br \/>\n<span class=\"wpcf7-form-control-wrap\" data-name=\"your-email\"><input size=\"40\" maxlength=\"400\" class=\"wpcf7-form-control wpcf7-email wpcf7-validates-as-required wpcf7-text wpcf7-validates-as-email\" aria-required=\"true\" aria-invalid=\"false\" value=\"\" type=\"email\" name=\"your-email\" \/><\/span> <\/label>\n<\/p>\n<p><label> Konu<br \/>\n<span class=\"wpcf7-form-control-wrap\" data-name=\"your-subject\"><input size=\"40\" maxlength=\"400\" class=\"wpcf7-form-control wpcf7-text\" aria-invalid=\"false\" value=\"\" type=\"text\" name=\"your-subject\" \/><\/span> <\/label>\n<\/p>\n<p><label> Mesaj\u0131n\u0131z<br \/>\n<span class=\"wpcf7-form-control-wrap\" data-name=\"your-message\"><textarea cols=\"40\" rows=\"10\" maxlength=\"2000\" class=\"wpcf7-form-control wpcf7-textarea\" aria-invalid=\"false\" name=\"your-message\"><\/textarea><\/span> <\/label>\n<\/p>\n<p><input class=\"wpcf7-form-control wpcf7-submit has-spinner\" type=\"submit\" value=\"G\u00f6nder\" \/>\n<\/p><input\n                    class=\"apbct_special_field apbct_email_id__wp_contact_form_7\"\n                    name=\"apbct__email_id__wp_contact_form_7\"\n                    aria-label=\"apbct__label_id__wp_contact_form_7\"\n                    type=\"text\" size=\"30\" maxlength=\"200\" autocomplete=\"off\"\n                    value=\"\"\n                \/><div class=\"wpcf7-response-output\" aria-hidden=\"true\"><\/div>\n<\/form>\n<\/div>\n[\/vc_column][vc_column width=&#8221;1\/4&#8243;][\/vc_column][\/vc_row][vc_row][vc_column][vc_empty_space height=&#8221;40px&#8221;][\/vc_column][\/vc_row]<\/p>\n","protected":false},"excerpt":{"rendered":"<p>[vc_row full_width=&#8221;stretch_row_content_no_spaces&#8221;][vc_column][vc_empty_space height=&#8221;50px&#8221;][\/vc_column][\/vc_row][vc_row][vc_column width=&#8221;1\/4&#8243;][\/vc_column][vc_column width=&#8221;1\/2&#8243;][vc_empty_space height=&#8221;40px&#8221;][vc_column_text] Eposta Adresi co*****@***ca.net Sosyal Medya [\/vc_column_text][vc_raw_html]JTNDY2VudGVyJTNFJTBBJTNDYSUyMGhyZWYlM0QlMjJodHRwcyUzQSUyRiUyRnd3dy5pbnN0YWdyYW0uY29tJTJGZWFscGVydGFuY2ElMkYlMjIlMjB0YXJnZXQlM0QlMjJfYmxhbmslMjIlMjBjbGFzcyUzRCUyMmlzLWRlZmF1bHQlMjBkZWZhdWx0JTIyJTNFJTNDaSUyMGNsYXNzJTNEJTIyZmElMjBmYS1pbnN0YWdyYW0lMjIlM0UlM0MlMkZpJTNFJTNDJTJGYSUzRSUwQSUzQ2ElMjBocmVmJTNEJTIyaHR0cHMlM0ElMkYlMkZ3d3cuZmFjZWJvb2suY29tJTJGYWxwZXIudGFuY2ElMjIlMjB0YXJnZXQlM0QlMjJfYmxhbmslMjIlMjBjbGFzcyUzRCUyMmlzLWRlZmF1bHQlMjBkZWZhdWx0JTIyJTNFJTNDaSUyMGNsYXNzJTNEJTIyZmElMjBmYS1mYWNlYm9vayUyMiUzRSUzQyUyRmklM0UlM0MlMkZhJTNFJTBBJTNDYSUyMGhyZWYlM0QlMjJodHRwcyUzQSUyRiUyRnd3dy5saW5rZWRpbi5jb20lMkZpbiUyRmFscGVydGFuY2ElMkYlMjIlMjB0YXJnZXQlM0QlMjJfYmxhbmslMjIlMjBjbGFzcyUzRCUyMmlzLWRlZmF1bHQlMjBkZWZhdWx0JTIyJTNFJTNDaSUyMGNsYXNzJTNEJTIyZmElMjBmYS1saW5rZWRpbiUyMiUzRSUzQyUyRmklM0UlM0MlMkZhJTNFJTBBJTBBJTNDJTJGY2VudGVyJTNF[\/vc_raw_html][vc_separator][vc_column_text] \u0130leti\u015fim Formu A\u015fa\u011f\u0131daki formu kullanarak bana ula\u015fabilir, seanslar i\u00e7in randevu alabilir, daha fazla bilgi edinebilir veya b\u00fcltenime abone olabilirsiniz. [\/vc_column_text][\/vc_column][vc_column width=&#8221;1\/4&#8243;][\/vc_column][\/vc_row][vc_row][vc_column][vc_empty_space height=&#8221;40px&#8221;][\/vc_column][\/vc_row]<\/p>\n","protected":false},"author":1,"featured_media":0,"parent":0,"menu_order":0,"comment_status":"closed","ping_status":"closed","template":"","meta":{"footnotes":""},"class_list":["post-2275","page","type-page","status-publish","hentry"],"yoast_head":"<!-- This site is optimized with the Yoast SEO plugin v27.3 - https:\/\/yoast.com\/product\/yoast-seo-wordpress\/ -->\n<title>\u0130leti\u015fim - Tanca Consultancy<\/title>\n<meta name=\"robots\" content=\"index, follow, max-snippet:-1, max-image-preview:large, max-video-preview:-1\" \/>\n<link rel=\"canonical\" href=\"https:\/\/tanca.net\/tr\/iletisim\/\" \/>\n<meta property=\"og:locale\" content=\"tr_TR\" \/>\n<meta property=\"og:type\" content=\"article\" \/>\n<meta property=\"og:title\" content=\"\u0130leti\u015fim - Tanca Consultancy\" \/>\n<meta property=\"og:description\" content=\"[vc_row full_width=&#8221;stretch_row_content_no_spaces&#8221;][vc_column][vc_empty_space height=&#8221;50px&#8221;][\/vc_column][\/vc_row][vc_row][vc_column width=&#8221;1\/4&#8243;][\/vc_column][vc_column width=&#8221;1\/2&#8243;][vc_empty_space height=&#8221;40px&#8221;][vc_column_text] Eposta Adresi co*****@***ca.net Sosyal Medya [\/vc_column_text][vc_raw_html]JTNDY2VudGVyJTNFJTBBJTNDYSUyMGhyZWYlM0QlMjJodHRwcyUzQSUyRiUyRnd3dy5pbnN0YWdyYW0uY29tJTJGZWFscGVydGFuY2ElMkYlMjIlMjB0YXJnZXQlM0QlMjJfYmxhbmslMjIlMjBjbGFzcyUzRCUyMmlzLWRlZmF1bHQlMjBkZWZhdWx0JTIyJTNFJTNDaSUyMGNsYXNzJTNEJTIyZmElMjBmYS1pbnN0YWdyYW0lMjIlM0UlM0MlMkZpJTNFJTNDJTJGYSUzRSUwQSUzQ2ElMjBocmVmJTNEJTIyaHR0cHMlM0ElMkYlMkZ3d3cuZmFjZWJvb2suY29tJTJGYWxwZXIudGFuY2ElMjIlMjB0YXJnZXQlM0QlMjJfYmxhbmslMjIlMjBjbGFzcyUzRCUyMmlzLWRlZmF1bHQlMjBkZWZhdWx0JTIyJTNFJTNDaSUyMGNsYXNzJTNEJTIyZmElMjBmYS1mYWNlYm9vayUyMiUzRSUzQyUyRmklM0UlM0MlMkZhJTNFJTBBJTNDYSUyMGhyZWYlM0QlMjJodHRwcyUzQSUyRiUyRnd3dy5saW5rZWRpbi5jb20lMkZpbiUyRmFscGVydGFuY2ElMkYlMjIlMjB0YXJnZXQlM0QlMjJfYmxhbmslMjIlMjBjbGFzcyUzRCUyMmlzLWRlZmF1bHQlMjBkZWZhdWx0JTIyJTNFJTNDaSUyMGNsYXNzJTNEJTIyZmElMjBmYS1saW5rZWRpbiUyMiUzRSUzQyUyRmklM0UlM0MlMkZhJTNFJTBBJTBBJTNDJTJGY2VudGVyJTNF[\/vc_raw_html][vc_separator][vc_column_text] \u0130leti\u015fim Formu A\u015fa\u011f\u0131daki formu kullanarak bana ula\u015fabilir, seanslar i\u00e7in randevu alabilir, daha fazla bilgi edinebilir veya b\u00fcltenime abone olabilirsiniz. [\/vc_column_text][\/vc_column][vc_column width=&#8221;1\/4&#8243;][\/vc_column][\/vc_row][vc_row][vc_column][vc_empty_space height=&#8221;40px&#8221;][\/vc_column][\/vc_row]\" \/>\n<meta property=\"og:url\" content=\"https:\/\/tanca.net\/tr\/iletisim\/\" \/>\n<meta property=\"og:site_name\" content=\"Tanca Consultancy\" \/>\n<meta property=\"article:publisher\" content=\"https:\/\/www.facebook.com\/alper.tanca\" \/>\n<meta property=\"article:modified_time\" content=\"2024-11-25T10:43:06+00:00\" \/>\n<meta name=\"twitter:card\" content=\"summary_large_image\" \/>\n<meta name=\"twitter:label1\" content=\"Tahmini okuma s\u00fcresi\" \/>\n\t<meta name=\"twitter:data1\" content=\"1 dakika\" \/>\n<script type=\"application\/ld+json\" class=\"yoast-schema-graph\">{\"@context\":\"https:\\\/\\\/schema.org\",\"@graph\":[{\"@type\":\"WebPage\",\"@id\":\"https:\\\/\\\/tanca.net\\\/tr\\\/iletisim\\\/\",\"url\":\"https:\\\/\\\/tanca.net\\\/tr\\\/iletisim\\\/\",\"name\":\"\u0130leti\u015fim - Tanca Consultancy\",\"isPartOf\":{\"@id\":\"https:\\\/\\\/tanca.net\\\/#website\"},\"datePublished\":\"2024-11-25T10:34:58+00:00\",\"dateModified\":\"2024-11-25T10:43:06+00:00\",\"breadcrumb\":{\"@id\":\"https:\\\/\\\/tanca.net\\\/tr\\\/iletisim\\\/#breadcrumb\"},\"inLanguage\":\"tr\",\"potentialAction\":[{\"@type\":\"ReadAction\",\"target\":[\"https:\\\/\\\/tanca.net\\\/tr\\\/iletisim\\\/\"]}]},{\"@type\":\"BreadcrumbList\",\"@id\":\"https:\\\/\\\/tanca.net\\\/tr\\\/iletisim\\\/#breadcrumb\",\"itemListElement\":[{\"@type\":\"ListItem\",\"position\":1,\"name\":\"Home\",\"item\":\"https:\\\/\\\/tanca.net\\\/tr\\\/ana-sayfa\\\/\"},{\"@type\":\"ListItem\",\"position\":2,\"name\":\"\u0130leti\u015fim\"}]},{\"@type\":\"WebSite\",\"@id\":\"https:\\\/\\\/tanca.net\\\/#website\",\"url\":\"https:\\\/\\\/tanca.net\\\/\",\"name\":\"Somatic Therapy & Resilience Coaching | Online Sessions | Tanca\",\"description\":\"\",\"publisher\":{\"@id\":\"https:\\\/\\\/tanca.net\\\/#organization\"},\"potentialAction\":[{\"@type\":\"SearchAction\",\"target\":{\"@type\":\"EntryPoint\",\"urlTemplate\":\"https:\\\/\\\/tanca.net\\\/?s={search_term_string}\"},\"query-input\":{\"@type\":\"PropertyValueSpecification\",\"valueRequired\":true,\"valueName\":\"search_term_string\"}}],\"inLanguage\":\"tr\"},{\"@type\":\"Organization\",\"@id\":\"https:\\\/\\\/tanca.net\\\/#organization\",\"name\":\"Somatik Terapi & Dayan\u0131kl\u0131l\u0131k Ko\u00e7lu\u011fu\",\"url\":\"https:\\\/\\\/tanca.net\\\/\",\"logo\":{\"@type\":\"ImageObject\",\"inLanguage\":\"tr\",\"@id\":\"https:\\\/\\\/tanca.net\\\/#\\\/schema\\\/logo\\\/image\\\/\",\"url\":\"https:\\\/\\\/tanca.net\\\/wp-content\\\/uploads\\\/2026\\\/04\\\/Gemini_Generated_Image_aevh16aevh16aevh.png\",\"contentUrl\":\"https:\\\/\\\/tanca.net\\\/wp-content\\\/uploads\\\/2026\\\/04\\\/Gemini_Generated_Image_aevh16aevh16aevh.png\",\"width\":1024,\"height\":1024,\"caption\":\"Somatik Terapi & Dayan\u0131kl\u0131l\u0131k Ko\u00e7lu\u011fu\"},\"image\":{\"@id\":\"https:\\\/\\\/tanca.net\\\/#\\\/schema\\\/logo\\\/image\\\/\"},\"sameAs\":[\"https:\\\/\\\/www.facebook.com\\\/alper.tanca\",\"https:\\\/\\\/www.instagram.com\\\/ealpertanca\",\"https:\\\/\\\/www.linkedin.com\\\/in\\\/alpertanca\\\/\"]}]}<\/script>\n<!-- \/ Yoast SEO plugin. -->","yoast_head_json":{"title":"\u0130leti\u015fim - Tanca Consultancy","robots":{"index":"index","follow":"follow","max-snippet":"max-snippet:-1","max-image-preview":"max-image-preview:large","max-video-preview":"max-video-preview:-1"},"canonical":"https:\/\/tanca.net\/tr\/iletisim\/","og_locale":"tr_TR","og_type":"article","og_title":"\u0130leti\u015fim - Tanca Consultancy","og_description":"[vc_row full_width=&#8221;stretch_row_content_no_spaces&#8221;][vc_column][vc_empty_space height=&#8221;50px&#8221;][\/vc_column][\/vc_row][vc_row][vc_column width=&#8221;1\/4&#8243;][\/vc_column][vc_column width=&#8221;1\/2&#8243;][vc_empty_space height=&#8221;40px&#8221;][vc_column_text] Eposta Adresi co*****@***ca.net Sosyal Medya [\/vc_column_text][vc_raw_html]JTNDY2VudGVyJTNFJTBBJTNDYSUyMGhyZWYlM0QlMjJodHRwcyUzQSUyRiUyRnd3dy5pbnN0YWdyYW0uY29tJTJGZWFscGVydGFuY2ElMkYlMjIlMjB0YXJnZXQlM0QlMjJfYmxhbmslMjIlMjBjbGFzcyUzRCUyMmlzLWRlZmF1bHQlMjBkZWZhdWx0JTIyJTNFJTNDaSUyMGNsYXNzJTNEJTIyZmElMjBmYS1pbnN0YWdyYW0lMjIlM0UlM0MlMkZpJTNFJTNDJTJGYSUzRSUwQSUzQ2ElMjBocmVmJTNEJTIyaHR0cHMlM0ElMkYlMkZ3d3cuZmFjZWJvb2suY29tJTJGYWxwZXIudGFuY2ElMjIlMjB0YXJnZXQlM0QlMjJfYmxhbmslMjIlMjBjbGFzcyUzRCUyMmlzLWRlZmF1bHQlMjBkZWZhdWx0JTIyJTNFJTNDaSUyMGNsYXNzJTNEJTIyZmElMjBmYS1mYWNlYm9vayUyMiUzRSUzQyUyRmklM0UlM0MlMkZhJTNFJTBBJTNDYSUyMGhyZWYlM0QlMjJodHRwcyUzQSUyRiUyRnd3dy5saW5rZWRpbi5jb20lMkZpbiUyRmFscGVydGFuY2ElMkYlMjIlMjB0YXJnZXQlM0QlMjJfYmxhbmslMjIlMjBjbGFzcyUzRCUyMmlzLWRlZmF1bHQlMjBkZWZhdWx0JTIyJTNFJTNDaSUyMGNsYXNzJTNEJTIyZmElMjBmYS1saW5rZWRpbiUyMiUzRSUzQyUyRmklM0UlM0MlMkZhJTNFJTBBJTBBJTNDJTJGY2VudGVyJTNF[\/vc_raw_html][vc_separator][vc_column_text] \u0130leti\u015fim Formu A\u015fa\u011f\u0131daki formu kullanarak bana ula\u015fabilir, seanslar i\u00e7in randevu alabilir, daha fazla bilgi edinebilir veya b\u00fcltenime abone olabilirsiniz. [\/vc_column_text][\/vc_column][vc_column width=&#8221;1\/4&#8243;][\/vc_column][\/vc_row][vc_row][vc_column][vc_empty_space height=&#8221;40px&#8221;][\/vc_column][\/vc_row]","og_url":"https:\/\/tanca.net\/tr\/iletisim\/","og_site_name":"Tanca Consultancy","article_publisher":"https:\/\/www.facebook.com\/alper.tanca","article_modified_time":"2024-11-25T10:43:06+00:00","twitter_card":"summary_large_image","twitter_misc":{"Tahmini okuma s\u00fcresi":"1 dakika"},"schema":{"@context":"https:\/\/schema.org","@graph":[{"@type":"WebPage","@id":"https:\/\/tanca.net\/tr\/iletisim\/","url":"https:\/\/tanca.net\/tr\/iletisim\/","name":"\u0130leti\u015fim - Tanca Consultancy","isPartOf":{"@id":"https:\/\/tanca.net\/#website"},"datePublished":"2024-11-25T10:34:58+00:00","dateModified":"2024-11-25T10:43:06+00:00","breadcrumb":{"@id":"https:\/\/tanca.net\/tr\/iletisim\/#breadcrumb"},"inLanguage":"tr","potentialAction":[{"@type":"ReadAction","target":["https:\/\/tanca.net\/tr\/iletisim\/"]}]},{"@type":"BreadcrumbList","@id":"https:\/\/tanca.net\/tr\/iletisim\/#breadcrumb","itemListElement":[{"@type":"ListItem","position":1,"name":"Home","item":"https:\/\/tanca.net\/tr\/ana-sayfa\/"},{"@type":"ListItem","position":2,"name":"\u0130leti\u015fim"}]},{"@type":"WebSite","@id":"https:\/\/tanca.net\/#website","url":"https:\/\/tanca.net\/","name":"Somatic Therapy & Resilience Coaching | Online Sessions | Tanca","description":"","publisher":{"@id":"https:\/\/tanca.net\/#organization"},"potentialAction":[{"@type":"SearchAction","target":{"@type":"EntryPoint","urlTemplate":"https:\/\/tanca.net\/?s={search_term_string}"},"query-input":{"@type":"PropertyValueSpecification","valueRequired":true,"valueName":"search_term_string"}}],"inLanguage":"tr"},{"@type":"Organization","@id":"https:\/\/tanca.net\/#organization","name":"Somatik Terapi & Dayan\u0131kl\u0131l\u0131k Ko\u00e7lu\u011fu","url":"https:\/\/tanca.net\/","logo":{"@type":"ImageObject","inLanguage":"tr","@id":"https:\/\/tanca.net\/#\/schema\/logo\/image\/","url":"https:\/\/tanca.net\/wp-content\/uploads\/2026\/04\/Gemini_Generated_Image_aevh16aevh16aevh.png","contentUrl":"https:\/\/tanca.net\/wp-content\/uploads\/2026\/04\/Gemini_Generated_Image_aevh16aevh16aevh.png","width":1024,"height":1024,"caption":"Somatik Terapi & Dayan\u0131kl\u0131l\u0131k Ko\u00e7lu\u011fu"},"image":{"@id":"https:\/\/tanca.net\/#\/schema\/logo\/image\/"},"sameAs":["https:\/\/www.facebook.com\/alper.tanca","https:\/\/www.instagram.com\/ealpertanca","https:\/\/www.linkedin.com\/in\/alpertanca\/"]}]}},"_links":{"self":[{"href":"https:\/\/tanca.net\/tr\/wp-json\/wp\/v2\/pages\/2275\/"}],"collection":[{"href":"https:\/\/tanca.net\/tr\/wp-json\/wp\/v2\/pages\/"}],"about":[{"href":"https:\/\/tanca.net\/tr\/wp-json\/wp\/v2\/types\/page\/"}],"author":[{"embeddable":true,"href":"https:\/\/tanca.net\/tr\/wp-json\/wp\/v2\/users\/1\/"}],"replies":[{"embeddable":true,"href":"https:\/\/tanca.net\/tr\/wp-json\/wp\/v2\/comments\/?post=2275"}],"version-history":[{"count":3,"href":"https:\/\/tanca.net\/tr\/wp-json\/wp\/v2\/pages\/2275\/revisions\/"}],"predecessor-version":[{"id":2293,"href":"https:\/\/tanca.net\/tr\/wp-json\/wp\/v2\/pages\/2275\/revisions\/2293\/"}],"wp:attachment":[{"href":"https:\/\/tanca.net\/tr\/wp-json\/wp\/v2\/media\/?parent=2275"}],"curies":[{"name":"wp","href":"https:\/\/api.w.org\/{rel}","templated":true}]}}