{"id":2279,"date":"2024-11-25T13:37:10","date_gmt":"2024-11-25T10:37:10","guid":{"rendered":"http:\/\/tanca.net\/?page_id=2279"},"modified":"2024-11-25T13:38:46","modified_gmt":"2024-11-25T10:38:46","slug":"danismanlik","status":"publish","type":"page","link":"https:\/\/tanca.net\/tr\/danismanlik\/","title":{"rendered":"Dan\u0131\u015fmanl\u0131k"},"content":{"rendered":"<p>[vc_row full_width=&#8221;stretch_row_content&#8221; equal_height=&#8221;yes&#8221; content_placement=&#8221;middle&#8221;][vc_column parallax=&#8221;content-moving-fade&#8221; parallax_speed_bg=&#8221;1.6&#8243; css=&#8221;.vc_custom_1685561281588{padding-right: 10vw !important;padding-left: 10vw !important;background-image: url(http:\/\/tanca.net\/wp-content\/uploads\/2023\/05\/blockbg_whatwedo.jpg?id=2047) !important;background-position: 0 0 !important;background-repeat: no-repeat !important;}&#8221; el_class=&#8221;img-fixed img-fixed-1&#8243; offset=&#8221;vc_col-lg-6 vc_col-md-6&#8243;][vc_empty_space height=&#8221;5vh&#8221;][vc_custom_heading text=&#8221;Ne yap\u0131yoruz?&#8221; font_container=&#8221;tag:h2|font_size:48px|text_align:center|color:%23ffffff|line_height:1.1&#8243; use_theme_fonts=&#8221;yes&#8221;][vc_column_text]<\/p>\n<p style=\"text-align: center;\"><span style=\"color: #ffffff;\">Ko\u00e7luk seanslar\u0131m\u0131z arac\u0131l\u0131\u011f\u0131yla, stresi azaltmak ve genel refah\u0131n\u0131z\u0131 iyile\u015ftirmek i\u00e7in v\u00fccudunuzun do\u011fal iyile\u015fme mekanizmalar\u0131n\u0131 nas\u0131l etkinle\u015ftirece\u011finizi, ayn\u0131 zamanda daha fazla duygusal zeka, dayan\u0131kl\u0131l\u0131k ve odaklanma geli\u015ftirece\u011finizi \u00f6\u011freneceksiniz. Ko\u00e7luk seanslar\u0131m\u0131z \u00f6zel ihtiya\u00e7lar\u0131n\u0131za ve hedeflerinize g\u00f6re uyarlan\u0131r. N\u00f6rosistemik Bak\u0131m, Organik Zeka teknikleri, Yoga, Pranayama, Meditasyon, Sufi Uygulamalar\u0131n\u0131 i\u00e7eren ki\u015fiye \u00f6zel bir program haz\u0131rlayabiliriz. Bu yakla\u015f\u0131mlar\u0131n her biri, ya\u015fam\u0131m\u0131zda ihtiya\u00e7 duydu\u011fumuz dayan\u0131kl\u0131l\u0131\u011f\u0131 yeniden kazanmam\u0131z\u0131 sa\u011flayan kan\u0131tlanm\u0131\u015f tekniklerdir.<br \/>\n<\/span><br \/>\n<span style=\"color: #ffffff;\">Kolayla\u015ft\u0131r\u0131c\u0131lar\u0131m\u0131z, g\u00fc\u00e7l\u00fc ve zay\u0131f y\u00f6nlerinizi belirlemek ve ki\u015fisel ve\/veya profesyonel hedeflerinize ula\u015fman\u0131za yard\u0131mc\u0131 olacak ki\u015fiselle\u015ftirilmi\u015f bir plan geli\u015ftirmek i\u00e7in sizinle birlikte \u00e7al\u0131\u015facakt\u0131r.<\/span><\/p>\n<p>[\/vc_column_text][vc_empty_space height=&#8221;5vh&#8221;][\/vc_column][vc_column css=&#8221;.vc_custom_1555523014108{padding-top: 0px !important;padding-right: 5vw !important;padding-bottom: 5vh !important;padding-left: 5vw !important;}&#8221; offset=&#8221;vc_col-lg-6 vc_col-md-6&#8243;][vc_empty_space height=&#8221;20vh&#8221;][vc_column_text]<\/p>\n<p style=\"text-align: center;\">Neurosystemics Care\u2122 ko\u00e7luk seanslar\u0131m\u0131z size yard\u0131mc\u0131 olmak i\u00e7in tasarlanm\u0131\u015ft\u0131r:<br \/>\n\u2022 Stresi ve t\u00fckenmi\u015fli\u011fi azalt\u0131n<br \/>\n\u2022 Odaklanmay\u0131 ve \u00fcretkenli\u011fi art\u0131r\u0131n<br \/>\n\u2022 Daha fazla duygusal zeka ve dayan\u0131kl\u0131l\u0131k geli\u015ftirin<br \/>\n\u2022 Kariyerinizde daha fazla ba\u015far\u0131 ve tatmin elde edin<br \/>\nKo\u00e7luk seanslar\u0131m\u0131z y\u00fcz y\u00fcze veya \u00e7evrimi\u00e7i olarak mevcuttur ve yo\u011fun program\u0131n\u0131za uyum sa\u011flaman\u0131z\u0131 kolayla\u015ft\u0131r\u0131r. Peki neden bekleyelim? Neurosystemics Care\u2122 ko\u00e7luk seanslar\u0131m\u0131za bug\u00fcn kaydolun ve profesyonel ya\u015fam\u0131n\u0131zda t\u00fcm potansiyelinize ula\u015fmaya ba\u015flay\u0131n!<br \/>\n&#8220;L\u00fctfen sorular\u0131n\u0131z\u0131 bize mesaj g\u00f6ndermekten \u00e7ekinmeyin; birlikte nas\u0131l \u00e7al\u0131\u015fabilece\u011fimizi tart\u0131\u015fmak i\u00e7in bir \u00f6n g\u00f6r\u00fc\u015fme planlayabiliriz.&#8221;<\/p>\n<p>[\/vc_column_text][vc_btn title=&#8221;EVET, \u0130LG\u0130L\u0130Y\u0130M&#8221; style=&#8221;flat&#8221; color=&#8221;mulled-wine&#8221; align=&#8221;center&#8221; link=&#8221;url:http%3A%2F%2Ftanca.net%2Ftr%2Filetisim%2F|title:Contact%20Us||&#8221;][vc_empty_space height=&#8221;10vh&#8221;][\/vc_column][\/vc_row]<\/p>\n","protected":false},"excerpt":{"rendered":"<p>[vc_row full_width=&#8221;stretch_row_content&#8221; equal_height=&#8221;yes&#8221; content_placement=&#8221;middle&#8221;][vc_column parallax=&#8221;content-moving-fade&#8221; parallax_speed_bg=&#8221;1.6&#8243; css=&#8221;.vc_custom_1685561281588{padding-right: 10vw !important;padding-left: 10vw !important;background-image: url(http:\/\/tanca.net\/wp-content\/uploads\/2023\/05\/blockbg_whatwedo.jpg?id=2047) !important;background-position: 0 0 !important;background-repeat: no-repeat !important;}&#8221; el_class=&#8221;img-fixed img-fixed-1&#8243; offset=&#8221;vc_col-lg-6 vc_col-md-6&#8243;][vc_empty_space height=&#8221;5vh&#8221;][vc_custom_heading text=&#8221;Ne yap\u0131yoruz?&#8221; font_container=&#8221;tag:h2|font_size:48px|text_align:center|color:%23ffffff|line_height:1.1&#8243; use_theme_fonts=&#8221;yes&#8221;][vc_column_text] Ko\u00e7luk seanslar\u0131m\u0131z arac\u0131l\u0131\u011f\u0131yla, stresi azaltmak ve genel refah\u0131n\u0131z\u0131 iyile\u015ftirmek i\u00e7in v\u00fccudunuzun do\u011fal iyile\u015fme mekanizmalar\u0131n\u0131 nas\u0131l etkinle\u015ftirece\u011finizi, ayn\u0131 zamanda daha fazla duygusal zeka, dayan\u0131kl\u0131l\u0131k ve odaklanma geli\u015ftirece\u011finizi \u00f6\u011freneceksiniz. Ko\u00e7luk [&hellip;]<\/p>\n","protected":false},"author":1,"featured_media":0,"parent":0,"menu_order":0,"comment_status":"closed","ping_status":"closed","template":"","meta":{"footnotes":""},"class_list":["post-2279","page","type-page","status-publish","hentry"],"yoast_head":"<!-- This site is optimized with the Yoast SEO plugin v27.3 - https:\/\/yoast.com\/product\/yoast-seo-wordpress\/ -->\n<title>Dan\u0131\u015fmanl\u0131k - Tanca Consultancy<\/title>\n<meta name=\"robots\" content=\"index, follow, max-snippet:-1, max-image-preview:large, max-video-preview:-1\" \/>\n<link rel=\"canonical\" href=\"https:\/\/tanca.net\/tr\/danismanlik\/\" \/>\n<meta property=\"og:locale\" content=\"tr_TR\" \/>\n<meta property=\"og:type\" content=\"article\" \/>\n<meta property=\"og:title\" content=\"Dan\u0131\u015fmanl\u0131k - Tanca Consultancy\" \/>\n<meta property=\"og:description\" content=\"[vc_row full_width=&#8221;stretch_row_content&#8221; equal_height=&#8221;yes&#8221; content_placement=&#8221;middle&#8221;][vc_column parallax=&#8221;content-moving-fade&#8221; parallax_speed_bg=&#8221;1.6&#8243; css=&#8221;.vc_custom_1685561281588{padding-right: 10vw !important;padding-left: 10vw !important;background-image: url(http:\/\/tanca.net\/wp-content\/uploads\/2023\/05\/blockbg_whatwedo.jpg?id=2047) !important;background-position: 0 0 !important;background-repeat: no-repeat !important;}&#8221; el_class=&#8221;img-fixed img-fixed-1&#8243; offset=&#8221;vc_col-lg-6 vc_col-md-6&#8243;][vc_empty_space height=&#8221;5vh&#8221;][vc_custom_heading text=&#8221;Ne yap\u0131yoruz?&#8221; font_container=&#8221;tag:h2|font_size:48px|text_align:center|color:%23ffffff|line_height:1.1&#8243; use_theme_fonts=&#8221;yes&#8221;][vc_column_text] Ko\u00e7luk seanslar\u0131m\u0131z arac\u0131l\u0131\u011f\u0131yla, stresi azaltmak ve genel refah\u0131n\u0131z\u0131 iyile\u015ftirmek i\u00e7in v\u00fccudunuzun do\u011fal iyile\u015fme mekanizmalar\u0131n\u0131 nas\u0131l etkinle\u015ftirece\u011finizi, ayn\u0131 zamanda daha fazla duygusal zeka, dayan\u0131kl\u0131l\u0131k ve odaklanma geli\u015ftirece\u011finizi \u00f6\u011freneceksiniz. Ko\u00e7luk [&hellip;]\" \/>\n<meta property=\"og:url\" content=\"https:\/\/tanca.net\/tr\/danismanlik\/\" \/>\n<meta property=\"og:site_name\" content=\"Tanca Consultancy\" \/>\n<meta property=\"article:publisher\" content=\"https:\/\/www.facebook.com\/alper.tanca\" \/>\n<meta property=\"article:modified_time\" content=\"2024-11-25T10:38:46+00:00\" \/>\n<meta name=\"twitter:card\" content=\"summary_large_image\" \/>\n<meta name=\"twitter:label1\" content=\"Tahmini okuma s\u00fcresi\" \/>\n\t<meta name=\"twitter:data1\" content=\"2 dakika\" \/>\n<script type=\"application\/ld+json\" class=\"yoast-schema-graph\">{\"@context\":\"https:\\\/\\\/schema.org\",\"@graph\":[{\"@type\":\"WebPage\",\"@id\":\"https:\\\/\\\/tanca.net\\\/tr\\\/danismanlik\\\/\",\"url\":\"https:\\\/\\\/tanca.net\\\/tr\\\/danismanlik\\\/\",\"name\":\"Dan\u0131\u015fmanl\u0131k - Tanca Consultancy\",\"isPartOf\":{\"@id\":\"https:\\\/\\\/tanca.net\\\/#website\"},\"datePublished\":\"2024-11-25T10:37:10+00:00\",\"dateModified\":\"2024-11-25T10:38:46+00:00\",\"breadcrumb\":{\"@id\":\"https:\\\/\\\/tanca.net\\\/tr\\\/danismanlik\\\/#breadcrumb\"},\"inLanguage\":\"tr\",\"potentialAction\":[{\"@type\":\"ReadAction\",\"target\":[\"https:\\\/\\\/tanca.net\\\/tr\\\/danismanlik\\\/\"]}]},{\"@type\":\"BreadcrumbList\",\"@id\":\"https:\\\/\\\/tanca.net\\\/tr\\\/danismanlik\\\/#breadcrumb\",\"itemListElement\":[{\"@type\":\"ListItem\",\"position\":1,\"name\":\"Home\",\"item\":\"https:\\\/\\\/tanca.net\\\/tr\\\/ana-sayfa\\\/\"},{\"@type\":\"ListItem\",\"position\":2,\"name\":\"Dan\u0131\u015fmanl\u0131k\"}]},{\"@type\":\"WebSite\",\"@id\":\"https:\\\/\\\/tanca.net\\\/#website\",\"url\":\"https:\\\/\\\/tanca.net\\\/\",\"name\":\"Somatic Therapy & Resilience Coaching | Online Sessions | Tanca\",\"description\":\"\",\"publisher\":{\"@id\":\"https:\\\/\\\/tanca.net\\\/#organization\"},\"potentialAction\":[{\"@type\":\"SearchAction\",\"target\":{\"@type\":\"EntryPoint\",\"urlTemplate\":\"https:\\\/\\\/tanca.net\\\/?s={search_term_string}\"},\"query-input\":{\"@type\":\"PropertyValueSpecification\",\"valueRequired\":true,\"valueName\":\"search_term_string\"}}],\"inLanguage\":\"tr\"},{\"@type\":\"Organization\",\"@id\":\"https:\\\/\\\/tanca.net\\\/#organization\",\"name\":\"Somatik Terapi & Dayan\u0131kl\u0131l\u0131k Ko\u00e7lu\u011fu\",\"url\":\"https:\\\/\\\/tanca.net\\\/\",\"logo\":{\"@type\":\"ImageObject\",\"inLanguage\":\"tr\",\"@id\":\"https:\\\/\\\/tanca.net\\\/#\\\/schema\\\/logo\\\/image\\\/\",\"url\":\"https:\\\/\\\/tanca.net\\\/wp-content\\\/uploads\\\/2026\\\/04\\\/Gemini_Generated_Image_aevh16aevh16aevh.png\",\"contentUrl\":\"https:\\\/\\\/tanca.net\\\/wp-content\\\/uploads\\\/2026\\\/04\\\/Gemini_Generated_Image_aevh16aevh16aevh.png\",\"width\":1024,\"height\":1024,\"caption\":\"Somatik Terapi & Dayan\u0131kl\u0131l\u0131k Ko\u00e7lu\u011fu\"},\"image\":{\"@id\":\"https:\\\/\\\/tanca.net\\\/#\\\/schema\\\/logo\\\/image\\\/\"},\"sameAs\":[\"https:\\\/\\\/www.facebook.com\\\/alper.tanca\",\"https:\\\/\\\/www.instagram.com\\\/ealpertanca\",\"https:\\\/\\\/www.linkedin.com\\\/in\\\/alpertanca\\\/\"]}]}<\/script>\n<!-- \/ Yoast SEO plugin. -->","yoast_head_json":{"title":"Dan\u0131\u015fmanl\u0131k - Tanca Consultancy","robots":{"index":"index","follow":"follow","max-snippet":"max-snippet:-1","max-image-preview":"max-image-preview:large","max-video-preview":"max-video-preview:-1"},"canonical":"https:\/\/tanca.net\/tr\/danismanlik\/","og_locale":"tr_TR","og_type":"article","og_title":"Dan\u0131\u015fmanl\u0131k - Tanca Consultancy","og_description":"[vc_row full_width=&#8221;stretch_row_content&#8221; equal_height=&#8221;yes&#8221; content_placement=&#8221;middle&#8221;][vc_column parallax=&#8221;content-moving-fade&#8221; parallax_speed_bg=&#8221;1.6&#8243; css=&#8221;.vc_custom_1685561281588{padding-right: 10vw !important;padding-left: 10vw !important;background-image: url(http:\/\/tanca.net\/wp-content\/uploads\/2023\/05\/blockbg_whatwedo.jpg?id=2047) !important;background-position: 0 0 !important;background-repeat: no-repeat !important;}&#8221; el_class=&#8221;img-fixed img-fixed-1&#8243; offset=&#8221;vc_col-lg-6 vc_col-md-6&#8243;][vc_empty_space height=&#8221;5vh&#8221;][vc_custom_heading text=&#8221;Ne yap\u0131yoruz?&#8221; font_container=&#8221;tag:h2|font_size:48px|text_align:center|color:%23ffffff|line_height:1.1&#8243; use_theme_fonts=&#8221;yes&#8221;][vc_column_text] Ko\u00e7luk seanslar\u0131m\u0131z arac\u0131l\u0131\u011f\u0131yla, stresi azaltmak ve genel refah\u0131n\u0131z\u0131 iyile\u015ftirmek i\u00e7in v\u00fccudunuzun do\u011fal iyile\u015fme mekanizmalar\u0131n\u0131 nas\u0131l etkinle\u015ftirece\u011finizi, ayn\u0131 zamanda daha fazla duygusal zeka, dayan\u0131kl\u0131l\u0131k ve odaklanma geli\u015ftirece\u011finizi \u00f6\u011freneceksiniz. Ko\u00e7luk [&hellip;]","og_url":"https:\/\/tanca.net\/tr\/danismanlik\/","og_site_name":"Tanca Consultancy","article_publisher":"https:\/\/www.facebook.com\/alper.tanca","article_modified_time":"2024-11-25T10:38:46+00:00","twitter_card":"summary_large_image","twitter_misc":{"Tahmini okuma s\u00fcresi":"2 dakika"},"schema":{"@context":"https:\/\/schema.org","@graph":[{"@type":"WebPage","@id":"https:\/\/tanca.net\/tr\/danismanlik\/","url":"https:\/\/tanca.net\/tr\/danismanlik\/","name":"Dan\u0131\u015fmanl\u0131k - Tanca Consultancy","isPartOf":{"@id":"https:\/\/tanca.net\/#website"},"datePublished":"2024-11-25T10:37:10+00:00","dateModified":"2024-11-25T10:38:46+00:00","breadcrumb":{"@id":"https:\/\/tanca.net\/tr\/danismanlik\/#breadcrumb"},"inLanguage":"tr","potentialAction":[{"@type":"ReadAction","target":["https:\/\/tanca.net\/tr\/danismanlik\/"]}]},{"@type":"BreadcrumbList","@id":"https:\/\/tanca.net\/tr\/danismanlik\/#breadcrumb","itemListElement":[{"@type":"ListItem","position":1,"name":"Home","item":"https:\/\/tanca.net\/tr\/ana-sayfa\/"},{"@type":"ListItem","position":2,"name":"Dan\u0131\u015fmanl\u0131k"}]},{"@type":"WebSite","@id":"https:\/\/tanca.net\/#website","url":"https:\/\/tanca.net\/","name":"Somatic Therapy & Resilience Coaching | Online Sessions | Tanca","description":"","publisher":{"@id":"https:\/\/tanca.net\/#organization"},"potentialAction":[{"@type":"SearchAction","target":{"@type":"EntryPoint","urlTemplate":"https:\/\/tanca.net\/?s={search_term_string}"},"query-input":{"@type":"PropertyValueSpecification","valueRequired":true,"valueName":"search_term_string"}}],"inLanguage":"tr"},{"@type":"Organization","@id":"https:\/\/tanca.net\/#organization","name":"Somatik Terapi & Dayan\u0131kl\u0131l\u0131k Ko\u00e7lu\u011fu","url":"https:\/\/tanca.net\/","logo":{"@type":"ImageObject","inLanguage":"tr","@id":"https:\/\/tanca.net\/#\/schema\/logo\/image\/","url":"https:\/\/tanca.net\/wp-content\/uploads\/2026\/04\/Gemini_Generated_Image_aevh16aevh16aevh.png","contentUrl":"https:\/\/tanca.net\/wp-content\/uploads\/2026\/04\/Gemini_Generated_Image_aevh16aevh16aevh.png","width":1024,"height":1024,"caption":"Somatik Terapi & Dayan\u0131kl\u0131l\u0131k Ko\u00e7lu\u011fu"},"image":{"@id":"https:\/\/tanca.net\/#\/schema\/logo\/image\/"},"sameAs":["https:\/\/www.facebook.com\/alper.tanca","https:\/\/www.instagram.com\/ealpertanca","https:\/\/www.linkedin.com\/in\/alpertanca\/"]}]}},"_links":{"self":[{"href":"https:\/\/tanca.net\/tr\/wp-json\/wp\/v2\/pages\/2279\/"}],"collection":[{"href":"https:\/\/tanca.net\/tr\/wp-json\/wp\/v2\/pages\/"}],"about":[{"href":"https:\/\/tanca.net\/tr\/wp-json\/wp\/v2\/types\/page\/"}],"author":[{"embeddable":true,"href":"https:\/\/tanca.net\/tr\/wp-json\/wp\/v2\/users\/1\/"}],"replies":[{"embeddable":true,"href":"https:\/\/tanca.net\/tr\/wp-json\/wp\/v2\/comments\/?post=2279"}],"version-history":[{"count":3,"href":"https:\/\/tanca.net\/tr\/wp-json\/wp\/v2\/pages\/2279\/revisions\/"}],"predecessor-version":[{"id":2284,"href":"https:\/\/tanca.net\/tr\/wp-json\/wp\/v2\/pages\/2279\/revisions\/2284\/"}],"wp:attachment":[{"href":"https:\/\/tanca.net\/tr\/wp-json\/wp\/v2\/media\/?parent=2279"}],"curies":[{"name":"wp","href":"https:\/\/api.w.org\/{rel}","templated":true}]}}