{"id":2326,"date":"2024-11-28T13:40:11","date_gmt":"2024-11-28T10:40:11","guid":{"rendered":"https:\/\/tanca.net\/events\/"},"modified":"2024-12-30T19:19:47","modified_gmt":"2024-12-30T16:19:47","slug":"etkinlikler","status":"publish","type":"page","link":"https:\/\/tanca.net\/tr\/etkinlikler\/","title":{"rendered":"Etkinlikler"},"content":{"rendered":"<div class=\"event_listings\" data-location=\"\" data-keywords=\"\" data-show_filters=\"true\" data-show_pagination=\"false\" data-per_page=\"10\" data-orderby=\"event_start_date\" data-order=\"ASC\/DESC\" data-datetimes=\"\" data-categories=\"\" data-event_types=\"\" data-ticket_prices=\"\" data-event_online=\"\" >\n<form class=\"wpem-main wpem-form-wrapper wpem-event-filter-wrapper event_filters\" id=\"event_filters\">\n\t\t<div class=\"search_events search-form-container\">\n\t\t\t\t<div class=\"wpem-row\">\n\t\t\t<!-- Search by keywords section start -->\n\t\t\t<div class=\"wpem-col\">\n\t\t\t\t<!-- shows default keywords text field  start-->\n\t\t\t\t<div class=\"wpem-form-group\">\n\t\t\t\t\t<label for=\"search_keywords\" class=\"wpem-form-label\">Keywords<\/label>\n\t\t\t\t\t<input type=\"text\" name=\"search_keywords\" id=\"search_keywords\" placeholder=\"Keywords\" value=\"\" \/>\n\t\t\t\t<\/div>\n\t\t\t\t<!-- shows default keywords text field end -->\n\t\t\t<\/div>\n\t\t\t<!-- Search by keywords section end-->\n\n\t\t\t<!-- Search by location section start -->\n\t\t\t<div class=\"wpem-col\">\n\t\t\t\t<div class=\"wpem-form-group wpem-location-container\">\n\t\t\t\t\t<label for=\"search_location\" class=\"wpem-form-label\">Location<\/label>\n\t\t\t\t\t<input type=\"text\" name=\"search_location\" id=\"search_location\" placeholder=\"Location\" value=\"\" \/>\n\t\t\t\t<\/div>\n\t\t\t<\/div>\n\t\t\t<!-- Search by location section end -->\n\n\t\t\t<!-- Search by date section start -->\n\t\t\t\n\t\t\t\t<div class=\"wpem-col\">\n\t\t\t\t\t<div class=\"wpem-form-group\">\n\t\t\t\t\t\t<label for=\"search_datetimes\" class=\"wpem-form-label\">Any dates<\/label>\n\t\t\t\t\t\t<input type=\"text\" name=\"search_datetimes[]\" id=\"search_datetimes\" value='' class=\"event-manager-category-dropdown date_range_picker\">\n\t\t\t\t\t<\/div>\n\t\t\t\t<\/div>\n\t\t\t\t\t\t<!-- Search by date section end -->\n\n\t\t<\/div> <!-- \/row -->\n\t\t<div class=\"wpem-row\">\n\t\t\t<!-- Search by event categories section start -->\n\t\t\t\t\t\t<!-- Search by event categories section end -->\n\n\t\t\t<!-- Search by event type section start -->\n\t\t\t\t\t\t<!-- Search by event type section end -->\n\t\t<\/div> <!-- \/row -->\n\n\t\t\n\t<\/div>\n\t<div class=\"showing_applied_filters\"><\/div><\/form>\n<noscript>Your browser does not support JavaScript, or it is disabled. JavaScript must be enabled in order to view listings.<\/noscript><div class=\"wpem-main wpem-event-listings-header\">\r\n    <div class=\"wpem-row\">\r\n        <div class=\"wpem-col wpem-col-12 wpem-col-sm-6 wpem-col-md-6 wpem-col-lg-8\">\r\n            <div class=\"wpem-event-listing-header-title\">\r\n                                    <h2 class=\"wpem-heading-text\">Events<\/h2>\r\n                            <\/div>\r\n        <\/div>\r\n        <div class=\"wpem-col wpem-col-12 wpem-col-sm-6 wpem-col-md-6 wpem-col-lg-4\">\r\n            <div class=\"wpem-event-layout-action-wrapper\">\r\n                <div class=\"wpem-event-layout-action\">\r\n                                                                    <div class=\"wpem-event-layout-icon wpem-event-box-layout\" title=\"Events Box View\" id=\"wpem-event-box-layout\"><i class=\"wpem-icon-stop2\"><\/i><\/div>\r\n                        <div class=\"wpem-event-layout-icon wpem-event-list-layout wpem-active-layout\" title=\"Events List View\" id=\"wpem-event-list-layout\"><i class=\"wpem-icon-menu\"><\/i><\/div>\r\n                                                            <\/div>\r\n            <\/div>\r\n        <\/div>\r\n    <\/div>\r\n<\/div>\r\n\r\n<!-- Event listing view -->\r\n<div class=\"event_listings_main\">\r\n    <div id=\"event-listing-view\" class=\"wpem-main wpem-event-listings event_listings wpem-event-listing-list-view\" data-id=\"all\"><div class=\"wpem-event-box-col wpem-col wpem-col-12 wpem-col-md-6 wpem-col-lg-4\">\n    <!----- wpem-col-lg-4 value can be change by admin settings ------->\n    <div class=\"wpem-event-layout-wrapper\">\n        <div class=\"event_listing post-2364 type-event_listing status-publish has-post-thumbnail hentry\">\n            <a href=\"https:\/\/tanca.net\/tr\/event\/dayanliklilik-cemberi-stres-yonetimi-2025\/\" class=\"wpem-event-action-url event-style-color \">\n                <div class=\"wpem-event-banner\">\n                    <div class=\"wpem-event-banner-img\" style=\"background-image: url(https:\/\/tanca.net\/wp-content\/uploads\/2024\/12\/1.png)\">\n                        <!-- Hide in list View \/\/ Show in Box View -->\n                                                <div class=\"wpem-event-date\">\n                            <div class=\"wpem-event-date-type\">\n                                                                    <div class=\"wpem-from-date\">\n                                        <div class=\"wpem-date\">20<\/div>\n                                        <div class=\"wpem-month\">Oca<\/div>\n                                    <\/div>\n                                                            <\/div>\n                        <\/div>\n                        <!-- Hide in list View \/\/ Show in Box View -->\n                    <\/div>\n                <\/div>\n\n                <div class=\"wpem-event-infomation\">\n                    <div class=\"wpem-event-date\">\n                        <div class=\"wpem-event-date-type\">\n                                                            <div class=\"wpem-from-date\">\n                                    <div class=\"wpem-date\">20<\/div>\n                                    <div class=\"wpem-month\">Oca<\/div>\n                                <\/div>\n                                                    <\/div>\n                    <\/div>\n\n                    <div class=\"wpem-event-details\">\n                                                <div class=\"wpem-event-title\">\n                            <h3 class=\"wpem-heading-text\">Dayanl\u0131kl\u0131l\u0131k \u00c7emberi Stres Y\u00f6netimi &#8211; Ocak 2025<\/h3>\n                        <\/div>\n\n                        <div class=\"wpem-event-date-time\">\n                            <span class=\"wpem-event-date-time-text\">\n                                20-01-2025                                 @ 20:00 - 21:30                            <\/span>\n                        <\/div>\n                        <div class=\"wpem-event-location\">\n                            <span class=\"wpem-event-location-text\">\n                                Online Event                            <\/span>\n                        <\/div>\n                        \n                        <!-- Show in list View \/\/ Hide in Box View -->\n                                                <!-- Show in list View \/\/ Hide in Box View -->\n                                            <\/div>\n                <\/div>\n            <\/a>\n        <\/div>\n    <\/div>\n<\/div><div class=\"wpem-event-box-col wpem-col wpem-col-12 wpem-col-md-6 wpem-col-lg-4\">\n    <!----- wpem-col-lg-4 value can be change by admin settings ------->\n    <div class=\"wpem-event-layout-wrapper\">\n        <div class=\"event_listing post-2333 type-event_listing status-publish has-post-thumbnail hentry\">\n            <a href=\"https:\/\/tanca.net\/tr\/event\/sinir-sistemi-guclendirme-grup-calismasi\/\" class=\"wpem-event-action-url event-style-color \">\n                <div class=\"wpem-event-banner\">\n                    <div class=\"wpem-event-banner-img\" style=\"background-image: url(https:\/\/tanca.net\/wp-content\/uploads\/2024\/11\/WhatsApp-Image-2024-10-14-at-21_22_19.jpg)\">\n                        <!-- Hide in list View \/\/ Show in Box View -->\n                                                <div class=\"wpem-event-date\">\n                            <div class=\"wpem-event-date-type\">\n                                                                    <div class=\"wpem-from-date\">\n                                        <div class=\"wpem-date\">05<\/div>\n                                        <div class=\"wpem-month\">Kas<\/div>\n                                    <\/div>\n                                                            <\/div>\n                        <\/div>\n                        <!-- Hide in list View \/\/ Show in Box View -->\n                    <\/div>\n                <\/div>\n\n                <div class=\"wpem-event-infomation\">\n                    <div class=\"wpem-event-date\">\n                        <div class=\"wpem-event-date-type\">\n                                                            <div class=\"wpem-from-date\">\n                                    <div class=\"wpem-date\">05<\/div>\n                                    <div class=\"wpem-month\">Kas<\/div>\n                                <\/div>\n                                                            <div class=\"wpem-to-date\">\n                                    <div class=\"wpem-date-separator\">-<\/div>\n                                    <div class=\"wpem-date\">24<\/div>\n                                    <div class=\"wpem-month\">Ara<\/div>\n                                <\/div>\n                                                    <\/div>\n                    <\/div>\n\n                    <div class=\"wpem-event-details\">\n                                                <div class=\"wpem-event-title\">\n                            <h3 class=\"wpem-heading-text\">Sinir Sistemi Gu\u0308\u00e7lendirme Grup \u00c7al\u0131\u015fmas\u0131<\/h3>\n                        <\/div>\n\n                        <div class=\"wpem-event-date-time\">\n                            <span class=\"wpem-event-date-time-text\">\n                                05-11-2024                                 @ 20:00 - 24-12-2024 @ 21:30                            <\/span>\n                        <\/div>\n                        <div class=\"wpem-event-location\">\n                            <span class=\"wpem-event-location-text\">\n                                Online Event                            <\/span>\n                        <\/div>\n                        \n                        <!-- Show in list View \/\/ Hide in Box View -->\n                                                <!-- Show in list View \/\/ Hide in Box View -->\n                                            <\/div>\n                <\/div>\n            <\/a>\n        <\/div>\n    <\/div>\n<\/div><div class=\"wpem-event-box-col wpem-col wpem-col-12 wpem-col-md-6 wpem-col-lg-4\">\n    <!----- wpem-col-lg-4 value can be change by admin settings ------->\n    <div class=\"wpem-event-layout-wrapper\">\n        <div class=\"event_listing post-2336 type-event_listing status-publish has-post-thumbnail hentry\">\n            <a href=\"https:\/\/tanca.net\/tr\/event\/dayaniklilik-cemberi-stres-yonetimi\/\" class=\"wpem-event-action-url event-style-color \">\n                <div class=\"wpem-event-banner\">\n                    <div class=\"wpem-event-banner-img\" style=\"background-image: url(https:\/\/tanca.net\/wp-content\/uploads\/2024\/11\/dayaniklilikcemberi1.jpg)\">\n                        <!-- Hide in list View \/\/ Show in Box View -->\n                                                <div class=\"wpem-event-date\">\n                            <div class=\"wpem-event-date-type\">\n                                                                    <div class=\"wpem-from-date\">\n                                        <div class=\"wpem-date\">14<\/div>\n                                        <div class=\"wpem-month\">Eki<\/div>\n                                    <\/div>\n                                                            <\/div>\n                        <\/div>\n                        <!-- Hide in list View \/\/ Show in Box View -->\n                    <\/div>\n                <\/div>\n\n                <div class=\"wpem-event-infomation\">\n                    <div class=\"wpem-event-date\">\n                        <div class=\"wpem-event-date-type\">\n                                                            <div class=\"wpem-from-date\">\n                                    <div class=\"wpem-date\">14<\/div>\n                                    <div class=\"wpem-month\">Eki<\/div>\n                                <\/div>\n                                                            <div class=\"wpem-to-date\">\n                                    <div class=\"wpem-date-separator\">-<\/div>\n                                    <div class=\"wpem-date\">02<\/div>\n                                    <div class=\"wpem-month\">Ara<\/div>\n                                <\/div>\n                                                    <\/div>\n                    <\/div>\n\n                    <div class=\"wpem-event-details\">\n                                                <div class=\"wpem-event-title\">\n                            <h3 class=\"wpem-heading-text\">Dayan\u0131kl\u0131l\u0131k \u00c7emberi Stres Y\u00f6netimi<\/h3>\n                        <\/div>\n\n                        <div class=\"wpem-event-date-time\">\n                            <span class=\"wpem-event-date-time-text\">\n                                14-10-2024                                 @ 20:00 - 02-12-2024 @ 21:30                            <\/span>\n                        <\/div>\n                        <div class=\"wpem-event-location\">\n                            <span class=\"wpem-event-location-text\">\n                                Online Event                            <\/span>\n                        <\/div>\n                        \n                        <!-- Show in list View \/\/ Hide in Box View -->\n                                                <!-- Show in list View \/\/ Hide in Box View -->\n                                            <\/div>\n                <\/div>\n            <\/a>\n        <\/div>\n    <\/div>\n<\/div><\/div>\n<\/div>\n<\/div>\n","protected":false},"excerpt":{"rendered":"[vc_row][vc_column][vc_gallery type=\"nivo\" interval=\"3\" images=\"2341,2343,2345,2347,2349,2351\" img_size=\"large\"][\/vc_column][\/vc_row][vc_row][vc_column][vc_column_text]G\u00fcn\u00fcm\u00fczde hayat\u0131m\u0131za her g\u00fcn bir yenisi eklenen stres fakt\u00f6rleri, onlarla ba\u015fa \u00e7\u0131kabilmemizi sa\u011flayacak alternatif y\u00f6ntemler bulmam\u0131z\u0131 ve kaynaklar\u0131m\u0131z\u0131 artt\u0131rmam\u0131z\u0131 zorunlu hale getirmi\u015ftir. T\u0131pk\u0131 esnek bir h\u00fccre zar\u0131 gibi, sistemimiz i\u00e7in faydal\u0131 olanlar\u0131 i\u00e7eriye kabul edecek, bize zararl\u0131 olanlar\u0131 da d\u0131\u015far\u0131da b\u0131rakabilecek, ge\u00e7irgen ama g\u00fc\u00e7l\u00fc bir yap\u0131ya sahip olmam\u0131z ba\u015far\u0131 \u015fans\u0131m\u0131z\u0131 artt\u0131racakt\u0131r. [...]","protected":false},"author":1,"featured_media":0,"parent":0,"menu_order":0,"comment_status":"closed","ping_status":"closed","template":"","meta":{"footnotes":""},"class_list":["post-2326","page","type-page","status-publish","hentry"],"yoast_head":"<!-- This site is optimized with the Yoast SEO plugin v27.3 - https:\/\/yoast.com\/product\/yoast-seo-wordpress\/ -->\n<title>Etkinlikler - Tanca Consultancy<\/title>\n<meta name=\"robots\" content=\"index, follow, max-snippet:-1, max-image-preview:large, max-video-preview:-1\" \/>\n<link rel=\"canonical\" href=\"https:\/\/tanca.net\/tr\/etkinlikler\/\" \/>\n<meta property=\"og:locale\" content=\"tr_TR\" \/>\n<meta property=\"og:type\" content=\"article\" \/>\n<meta property=\"og:title\" content=\"Etkinlikler - Tanca Consultancy\" \/>\n<meta property=\"og:url\" content=\"https:\/\/tanca.net\/tr\/etkinlikler\/\" \/>\n<meta property=\"og:site_name\" content=\"Tanca Consultancy\" \/>\n<meta property=\"article:publisher\" content=\"https:\/\/www.facebook.com\/alper.tanca\" \/>\n<meta property=\"article:modified_time\" content=\"2024-12-30T16:19:47+00:00\" \/>\n<meta name=\"twitter:card\" content=\"summary_large_image\" \/>\n<script type=\"application\/ld+json\" class=\"yoast-schema-graph\">{\"@context\":\"https:\\\/\\\/schema.org\",\"@graph\":[{\"@type\":\"WebPage\",\"@id\":\"https:\\\/\\\/tanca.net\\\/tr\\\/etkinlikler\\\/\",\"url\":\"https:\\\/\\\/tanca.net\\\/tr\\\/etkinlikler\\\/\",\"name\":\"Etkinlikler - Tanca Consultancy\",\"isPartOf\":{\"@id\":\"https:\\\/\\\/tanca.net\\\/#website\"},\"datePublished\":\"2024-11-28T10:40:11+00:00\",\"dateModified\":\"2024-12-30T16:19:47+00:00\",\"breadcrumb\":{\"@id\":\"https:\\\/\\\/tanca.net\\\/tr\\\/etkinlikler\\\/#breadcrumb\"},\"inLanguage\":\"tr\",\"potentialAction\":[{\"@type\":\"ReadAction\",\"target\":[\"https:\\\/\\\/tanca.net\\\/tr\\\/etkinlikler\\\/\"]}]},{\"@type\":\"BreadcrumbList\",\"@id\":\"https:\\\/\\\/tanca.net\\\/tr\\\/etkinlikler\\\/#breadcrumb\",\"itemListElement\":[{\"@type\":\"ListItem\",\"position\":1,\"name\":\"Home\",\"item\":\"https:\\\/\\\/tanca.net\\\/tr\\\/ana-sayfa\\\/\"},{\"@type\":\"ListItem\",\"position\":2,\"name\":\"Etkinlikler\"}]},{\"@type\":\"WebSite\",\"@id\":\"https:\\\/\\\/tanca.net\\\/#website\",\"url\":\"https:\\\/\\\/tanca.net\\\/\",\"name\":\"Somatic Therapy & Resilience Coaching | Online Sessions | Tanca\",\"description\":\"\",\"publisher\":{\"@id\":\"https:\\\/\\\/tanca.net\\\/#organization\"},\"potentialAction\":[{\"@type\":\"SearchAction\",\"target\":{\"@type\":\"EntryPoint\",\"urlTemplate\":\"https:\\\/\\\/tanca.net\\\/?s={search_term_string}\"},\"query-input\":{\"@type\":\"PropertyValueSpecification\",\"valueRequired\":true,\"valueName\":\"search_term_string\"}}],\"inLanguage\":\"tr\"},{\"@type\":\"Organization\",\"@id\":\"https:\\\/\\\/tanca.net\\\/#organization\",\"name\":\"Somatik Terapi & Dayan\u0131kl\u0131l\u0131k Ko\u00e7lu\u011fu\",\"url\":\"https:\\\/\\\/tanca.net\\\/\",\"logo\":{\"@type\":\"ImageObject\",\"inLanguage\":\"tr\",\"@id\":\"https:\\\/\\\/tanca.net\\\/#\\\/schema\\\/logo\\\/image\\\/\",\"url\":\"https:\\\/\\\/tanca.net\\\/wp-content\\\/uploads\\\/2026\\\/04\\\/Gemini_Generated_Image_aevh16aevh16aevh.png\",\"contentUrl\":\"https:\\\/\\\/tanca.net\\\/wp-content\\\/uploads\\\/2026\\\/04\\\/Gemini_Generated_Image_aevh16aevh16aevh.png\",\"width\":1024,\"height\":1024,\"caption\":\"Somatik Terapi & Dayan\u0131kl\u0131l\u0131k Ko\u00e7lu\u011fu\"},\"image\":{\"@id\":\"https:\\\/\\\/tanca.net\\\/#\\\/schema\\\/logo\\\/image\\\/\"},\"sameAs\":[\"https:\\\/\\\/www.facebook.com\\\/alper.tanca\",\"https:\\\/\\\/www.instagram.com\\\/ealpertanca\",\"https:\\\/\\\/www.linkedin.com\\\/in\\\/alpertanca\\\/\"]}]}<\/script>\n<!-- \/ Yoast SEO plugin. -->","yoast_head_json":{"title":"Etkinlikler - Tanca Consultancy","robots":{"index":"index","follow":"follow","max-snippet":"max-snippet:-1","max-image-preview":"max-image-preview:large","max-video-preview":"max-video-preview:-1"},"canonical":"https:\/\/tanca.net\/tr\/etkinlikler\/","og_locale":"tr_TR","og_type":"article","og_title":"Etkinlikler - Tanca Consultancy","og_url":"https:\/\/tanca.net\/tr\/etkinlikler\/","og_site_name":"Tanca Consultancy","article_publisher":"https:\/\/www.facebook.com\/alper.tanca","article_modified_time":"2024-12-30T16:19:47+00:00","twitter_card":"summary_large_image","schema":{"@context":"https:\/\/schema.org","@graph":[{"@type":"WebPage","@id":"https:\/\/tanca.net\/tr\/etkinlikler\/","url":"https:\/\/tanca.net\/tr\/etkinlikler\/","name":"Etkinlikler - Tanca Consultancy","isPartOf":{"@id":"https:\/\/tanca.net\/#website"},"datePublished":"2024-11-28T10:40:11+00:00","dateModified":"2024-12-30T16:19:47+00:00","breadcrumb":{"@id":"https:\/\/tanca.net\/tr\/etkinlikler\/#breadcrumb"},"inLanguage":"tr","potentialAction":[{"@type":"ReadAction","target":["https:\/\/tanca.net\/tr\/etkinlikler\/"]}]},{"@type":"BreadcrumbList","@id":"https:\/\/tanca.net\/tr\/etkinlikler\/#breadcrumb","itemListElement":[{"@type":"ListItem","position":1,"name":"Home","item":"https:\/\/tanca.net\/tr\/ana-sayfa\/"},{"@type":"ListItem","position":2,"name":"Etkinlikler"}]},{"@type":"WebSite","@id":"https:\/\/tanca.net\/#website","url":"https:\/\/tanca.net\/","name":"Somatic Therapy & Resilience Coaching | Online Sessions | Tanca","description":"","publisher":{"@id":"https:\/\/tanca.net\/#organization"},"potentialAction":[{"@type":"SearchAction","target":{"@type":"EntryPoint","urlTemplate":"https:\/\/tanca.net\/?s={search_term_string}"},"query-input":{"@type":"PropertyValueSpecification","valueRequired":true,"valueName":"search_term_string"}}],"inLanguage":"tr"},{"@type":"Organization","@id":"https:\/\/tanca.net\/#organization","name":"Somatik Terapi & Dayan\u0131kl\u0131l\u0131k Ko\u00e7lu\u011fu","url":"https:\/\/tanca.net\/","logo":{"@type":"ImageObject","inLanguage":"tr","@id":"https:\/\/tanca.net\/#\/schema\/logo\/image\/","url":"https:\/\/tanca.net\/wp-content\/uploads\/2026\/04\/Gemini_Generated_Image_aevh16aevh16aevh.png","contentUrl":"https:\/\/tanca.net\/wp-content\/uploads\/2026\/04\/Gemini_Generated_Image_aevh16aevh16aevh.png","width":1024,"height":1024,"caption":"Somatik Terapi & Dayan\u0131kl\u0131l\u0131k Ko\u00e7lu\u011fu"},"image":{"@id":"https:\/\/tanca.net\/#\/schema\/logo\/image\/"},"sameAs":["https:\/\/www.facebook.com\/alper.tanca","https:\/\/www.instagram.com\/ealpertanca","https:\/\/www.linkedin.com\/in\/alpertanca\/"]}]}},"_links":{"self":[{"href":"https:\/\/tanca.net\/tr\/wp-json\/wp\/v2\/pages\/2326\/"}],"collection":[{"href":"https:\/\/tanca.net\/tr\/wp-json\/wp\/v2\/pages\/"}],"about":[{"href":"https:\/\/tanca.net\/tr\/wp-json\/wp\/v2\/types\/page\/"}],"author":[{"embeddable":true,"href":"https:\/\/tanca.net\/tr\/wp-json\/wp\/v2\/users\/1\/"}],"replies":[{"embeddable":true,"href":"https:\/\/tanca.net\/tr\/wp-json\/wp\/v2\/comments\/?post=2326"}],"version-history":[{"count":5,"href":"https:\/\/tanca.net\/tr\/wp-json\/wp\/v2\/pages\/2326\/revisions\/"}],"predecessor-version":[{"id":2379,"href":"https:\/\/tanca.net\/tr\/wp-json\/wp\/v2\/pages\/2326\/revisions\/2379\/"}],"wp:attachment":[{"href":"https:\/\/tanca.net\/tr\/wp-json\/wp\/v2\/media\/?parent=2326"}],"curies":[{"name":"wp","href":"https:\/\/api.w.org\/{rel}","templated":true}]}}