{"id":2360,"date":"2024-11-28T15:13:02","date_gmt":"2024-11-28T12:13:02","guid":{"rendered":"https:\/\/tanca.net\/?page_id=2360"},"modified":"2024-11-28T15:13:02","modified_gmt":"2024-11-28T12:13:02","slug":"linkedin-posts","status":"publish","type":"page","link":"https:\/\/tanca.net\/tr\/linkedin-posts\/","title":{"rendered":"Linkedin Posts"},"content":{"rendered":"<p>[vc_row][vc_column][vc_raw_js]JTNDc2NyaXB0JTIwdHlwZSUzRCUyMnRleHQlMkZqYXZhc2NyaXB0JTIyJTIwc3JjJTNEJTIyaHR0cHMlM0ElMkYlMkZ3d3cuanVpY2VyLmlvJTJGZW1iZWQlMkZhbHBlcnRhbmNhLTdmNGUzNGY2LTE3MDktNGI2OC1hOTYxLTA3YzJjZmVlNzk5ZCUyRmVtYmVkLWNvZGUuanMlMjIlMjBhc3luYyUyMGRlZmVyJTNFJTNDJTJGc2NyaXB0JTNFJTBB[\/vc_raw_js][\/vc_column][\/vc_row]<\/p>\n","protected":false},"excerpt":{"rendered":"<p>[vc_row][vc_column][vc_raw_js]JTNDc2NyaXB0JTIwdHlwZSUzRCUyMnRleHQlMkZqYXZhc2NyaXB0JTIyJTIwc3JjJTNEJTIyaHR0cHMlM0ElMkYlMkZ3d3cuanVpY2VyLmlvJTJGZW1iZWQlMkZhbHBlcnRhbmNhLTdmNGUzNGY2LTE3MDktNGI2OC1hOTYxLTA3YzJjZmVlNzk5ZCUyRmVtYmVkLWNvZGUuanMlMjIlMjBhc3luYyUyMGRlZmVyJTNFJTNDJTJGc2NyaXB0JTNFJTBB[\/vc_raw_js][\/vc_column][\/vc_row]<\/p>\n","protected":false},"author":1,"featured_media":0,"parent":0,"menu_order":0,"comment_status":"closed","ping_status":"closed","template":"","meta":{"footnotes":""},"class_list":["post-2360","page","type-page","status-publish","hentry"],"yoast_head":"<!-- This site is optimized with the Yoast SEO plugin v27.3 - https:\/\/yoast.com\/product\/yoast-seo-wordpress\/ -->\n<title>Linkedin Posts - Tanca Consultancy<\/title>\n<meta name=\"robots\" content=\"index, follow, max-snippet:-1, max-image-preview:large, max-video-preview:-1\" \/>\n<link rel=\"canonical\" href=\"https:\/\/tanca.net\/tr\/linkedin-posts\/\" \/>\n<meta property=\"og:locale\" content=\"tr_TR\" \/>\n<meta property=\"og:type\" content=\"article\" \/>\n<meta property=\"og:title\" content=\"Linkedin Posts - Tanca Consultancy\" \/>\n<meta property=\"og:description\" content=\"[vc_row][vc_column][vc_raw_js]JTNDc2NyaXB0JTIwdHlwZSUzRCUyMnRleHQlMkZqYXZhc2NyaXB0JTIyJTIwc3JjJTNEJTIyaHR0cHMlM0ElMkYlMkZ3d3cuanVpY2VyLmlvJTJGZW1iZWQlMkZhbHBlcnRhbmNhLTdmNGUzNGY2LTE3MDktNGI2OC1hOTYxLTA3YzJjZmVlNzk5ZCUyRmVtYmVkLWNvZGUuanMlMjIlMjBhc3luYyUyMGRlZmVyJTNFJTNDJTJGc2NyaXB0JTNFJTBB[\/vc_raw_js][\/vc_column][\/vc_row]\" \/>\n<meta property=\"og:url\" content=\"https:\/\/tanca.net\/tr\/linkedin-posts\/\" \/>\n<meta property=\"og:site_name\" content=\"Tanca Consultancy\" \/>\n<meta property=\"article:publisher\" content=\"https:\/\/www.facebook.com\/alper.tanca\" \/>\n<meta name=\"twitter:card\" content=\"summary_large_image\" \/>\n<script type=\"application\/ld+json\" class=\"yoast-schema-graph\">{\"@context\":\"https:\\\/\\\/schema.org\",\"@graph\":[{\"@type\":\"WebPage\",\"@id\":\"https:\\\/\\\/tanca.net\\\/tr\\\/linkedin-posts\\\/\",\"url\":\"https:\\\/\\\/tanca.net\\\/tr\\\/linkedin-posts\\\/\",\"name\":\"Linkedin Posts - Tanca Consultancy\",\"isPartOf\":{\"@id\":\"https:\\\/\\\/tanca.net\\\/#website\"},\"datePublished\":\"2024-11-28T12:13:02+00:00\",\"breadcrumb\":{\"@id\":\"https:\\\/\\\/tanca.net\\\/tr\\\/linkedin-posts\\\/#breadcrumb\"},\"inLanguage\":\"tr\",\"potentialAction\":[{\"@type\":\"ReadAction\",\"target\":[\"https:\\\/\\\/tanca.net\\\/tr\\\/linkedin-posts\\\/\"]}]},{\"@type\":\"BreadcrumbList\",\"@id\":\"https:\\\/\\\/tanca.net\\\/tr\\\/linkedin-posts\\\/#breadcrumb\",\"itemListElement\":[{\"@type\":\"ListItem\",\"position\":1,\"name\":\"Home\",\"item\":\"https:\\\/\\\/tanca.net\\\/tr\\\/ana-sayfa\\\/\"},{\"@type\":\"ListItem\",\"position\":2,\"name\":\"Linkedin Posts\"}]},{\"@type\":\"WebSite\",\"@id\":\"https:\\\/\\\/tanca.net\\\/#website\",\"url\":\"https:\\\/\\\/tanca.net\\\/\",\"name\":\"Somatic Therapy & Resilience Coaching | Online Sessions | Tanca\",\"description\":\"\",\"publisher\":{\"@id\":\"https:\\\/\\\/tanca.net\\\/#organization\"},\"potentialAction\":[{\"@type\":\"SearchAction\",\"target\":{\"@type\":\"EntryPoint\",\"urlTemplate\":\"https:\\\/\\\/tanca.net\\\/?s={search_term_string}\"},\"query-input\":{\"@type\":\"PropertyValueSpecification\",\"valueRequired\":true,\"valueName\":\"search_term_string\"}}],\"inLanguage\":\"tr\"},{\"@type\":\"Organization\",\"@id\":\"https:\\\/\\\/tanca.net\\\/#organization\",\"name\":\"Somatik Terapi & Dayan\u0131kl\u0131l\u0131k Ko\u00e7lu\u011fu\",\"url\":\"https:\\\/\\\/tanca.net\\\/\",\"logo\":{\"@type\":\"ImageObject\",\"inLanguage\":\"tr\",\"@id\":\"https:\\\/\\\/tanca.net\\\/#\\\/schema\\\/logo\\\/image\\\/\",\"url\":\"https:\\\/\\\/tanca.net\\\/wp-content\\\/uploads\\\/2026\\\/04\\\/Gemini_Generated_Image_aevh16aevh16aevh.png\",\"contentUrl\":\"https:\\\/\\\/tanca.net\\\/wp-content\\\/uploads\\\/2026\\\/04\\\/Gemini_Generated_Image_aevh16aevh16aevh.png\",\"width\":1024,\"height\":1024,\"caption\":\"Somatik Terapi & Dayan\u0131kl\u0131l\u0131k Ko\u00e7lu\u011fu\"},\"image\":{\"@id\":\"https:\\\/\\\/tanca.net\\\/#\\\/schema\\\/logo\\\/image\\\/\"},\"sameAs\":[\"https:\\\/\\\/www.facebook.com\\\/alper.tanca\",\"https:\\\/\\\/www.instagram.com\\\/ealpertanca\",\"https:\\\/\\\/www.linkedin.com\\\/in\\\/alpertanca\\\/\"]}]}<\/script>\n<!-- \/ Yoast SEO plugin. -->","yoast_head_json":{"title":"Linkedin Posts - Tanca Consultancy","robots":{"index":"index","follow":"follow","max-snippet":"max-snippet:-1","max-image-preview":"max-image-preview:large","max-video-preview":"max-video-preview:-1"},"canonical":"https:\/\/tanca.net\/tr\/linkedin-posts\/","og_locale":"tr_TR","og_type":"article","og_title":"Linkedin Posts - Tanca Consultancy","og_description":"[vc_row][vc_column][vc_raw_js]JTNDc2NyaXB0JTIwdHlwZSUzRCUyMnRleHQlMkZqYXZhc2NyaXB0JTIyJTIwc3JjJTNEJTIyaHR0cHMlM0ElMkYlMkZ3d3cuanVpY2VyLmlvJTJGZW1iZWQlMkZhbHBlcnRhbmNhLTdmNGUzNGY2LTE3MDktNGI2OC1hOTYxLTA3YzJjZmVlNzk5ZCUyRmVtYmVkLWNvZGUuanMlMjIlMjBhc3luYyUyMGRlZmVyJTNFJTNDJTJGc2NyaXB0JTNFJTBB[\/vc_raw_js][\/vc_column][\/vc_row]","og_url":"https:\/\/tanca.net\/tr\/linkedin-posts\/","og_site_name":"Tanca Consultancy","article_publisher":"https:\/\/www.facebook.com\/alper.tanca","twitter_card":"summary_large_image","schema":{"@context":"https:\/\/schema.org","@graph":[{"@type":"WebPage","@id":"https:\/\/tanca.net\/tr\/linkedin-posts\/","url":"https:\/\/tanca.net\/tr\/linkedin-posts\/","name":"Linkedin Posts - Tanca Consultancy","isPartOf":{"@id":"https:\/\/tanca.net\/#website"},"datePublished":"2024-11-28T12:13:02+00:00","breadcrumb":{"@id":"https:\/\/tanca.net\/tr\/linkedin-posts\/#breadcrumb"},"inLanguage":"tr","potentialAction":[{"@type":"ReadAction","target":["https:\/\/tanca.net\/tr\/linkedin-posts\/"]}]},{"@type":"BreadcrumbList","@id":"https:\/\/tanca.net\/tr\/linkedin-posts\/#breadcrumb","itemListElement":[{"@type":"ListItem","position":1,"name":"Home","item":"https:\/\/tanca.net\/tr\/ana-sayfa\/"},{"@type":"ListItem","position":2,"name":"Linkedin Posts"}]},{"@type":"WebSite","@id":"https:\/\/tanca.net\/#website","url":"https:\/\/tanca.net\/","name":"Somatic Therapy & Resilience Coaching | Online Sessions | Tanca","description":"","publisher":{"@id":"https:\/\/tanca.net\/#organization"},"potentialAction":[{"@type":"SearchAction","target":{"@type":"EntryPoint","urlTemplate":"https:\/\/tanca.net\/?s={search_term_string}"},"query-input":{"@type":"PropertyValueSpecification","valueRequired":true,"valueName":"search_term_string"}}],"inLanguage":"tr"},{"@type":"Organization","@id":"https:\/\/tanca.net\/#organization","name":"Somatik Terapi & Dayan\u0131kl\u0131l\u0131k Ko\u00e7lu\u011fu","url":"https:\/\/tanca.net\/","logo":{"@type":"ImageObject","inLanguage":"tr","@id":"https:\/\/tanca.net\/#\/schema\/logo\/image\/","url":"https:\/\/tanca.net\/wp-content\/uploads\/2026\/04\/Gemini_Generated_Image_aevh16aevh16aevh.png","contentUrl":"https:\/\/tanca.net\/wp-content\/uploads\/2026\/04\/Gemini_Generated_Image_aevh16aevh16aevh.png","width":1024,"height":1024,"caption":"Somatik Terapi & Dayan\u0131kl\u0131l\u0131k Ko\u00e7lu\u011fu"},"image":{"@id":"https:\/\/tanca.net\/#\/schema\/logo\/image\/"},"sameAs":["https:\/\/www.facebook.com\/alper.tanca","https:\/\/www.instagram.com\/ealpertanca","https:\/\/www.linkedin.com\/in\/alpertanca\/"]}]}},"_links":{"self":[{"href":"https:\/\/tanca.net\/tr\/wp-json\/wp\/v2\/pages\/2360\/"}],"collection":[{"href":"https:\/\/tanca.net\/tr\/wp-json\/wp\/v2\/pages\/"}],"about":[{"href":"https:\/\/tanca.net\/tr\/wp-json\/wp\/v2\/types\/page\/"}],"author":[{"embeddable":true,"href":"https:\/\/tanca.net\/tr\/wp-json\/wp\/v2\/users\/1\/"}],"replies":[{"embeddable":true,"href":"https:\/\/tanca.net\/tr\/wp-json\/wp\/v2\/comments\/?post=2360"}],"version-history":[{"count":2,"href":"https:\/\/tanca.net\/tr\/wp-json\/wp\/v2\/pages\/2360\/revisions\/"}],"predecessor-version":[{"id":2362,"href":"https:\/\/tanca.net\/tr\/wp-json\/wp\/v2\/pages\/2360\/revisions\/2362\/"}],"wp:attachment":[{"href":"https:\/\/tanca.net\/tr\/wp-json\/wp\/v2\/media\/?parent=2360"}],"curies":[{"name":"wp","href":"https:\/\/api.w.org\/{rel}","templated":true}]}}